{"id":1543,"date":"2018-12-09T14:05:52","date_gmt":"2018-12-09T14:05:52","guid":{"rendered":"https:\/\/naturagroup.eu\/sales-terms\/"},"modified":"2024-05-24T08:31:37","modified_gmt":"2024-05-24T08:31:37","slug":"sales-terms","status":"publish","type":"page","link":"https:\/\/naturagroup.eu\/fi\/sales-terms\/","title":{"rendered":"Myyntiehdot"},"content":{"rendered":"<section class=\"l-section wpb_row height_medium with_img parallax_fixed with_overlay\"><div class=\"l-section-img\" style=\"background-image: url(https:\/\/naturagroup.eu\/wp-content\/uploads\/2018\/11\/unnamed-5.jpg);\" data-img-width=\"1600\" data-img-height=\"1020\"><\/div><div class=\"l-section-overlay\" style=\"background-color: rgba(255,255,255,0.92)\"><\/div><div class=\"l-section-h i-cf\"><div class=\"g-cols vc_row type_default valign_top\"><div class=\"vc_col-sm-12 wpb_column vc_column_container\"><div class=\"vc_column-inner\"><div class=\"wpb_wrapper\">\n\t<div class=\"wpb_text_column \">\n\t\t<div class=\"wpb_wrapper\">\n\t\t\t<h1 style=\"text-align: center\">Myyntiehdot<\/h1>\n\n\t\t<\/div>\n\t<\/div>\n<\/div><\/div><\/div><\/div><\/div><\/section><section class=\"l-section wpb_row height_medium\"><div class=\"l-section-h i-cf\"><div class=\"g-cols vc_row type_default valign_top\"><div class=\"vc_col-sm-12 wpb_column vc_column_container\"><div class=\"vc_column-inner\"><div class=\"wpb_wrapper\">\n\t<div class=\"wpb_text_column \">\n\t\t<div class=\"wpb_wrapper\">\n\t\t\t<h3><strong>TAVAROIDEN PALAUTUS<\/strong><\/h3>\n<p>Mik\u00e4li ostamasi tuote ei sopinut sinulle ja haluat palauttaa sen, ilmoita siit\u00e4 asiakaspalveluumme osoitteeseen info.naturagroup@gmail.com. Kaikilla tuotteilla on 14 p\u00e4iv\u00e4n palautusoikeus tavaran vastaanottamisesta. Tuotteen tulee olla k\u00e4ytt\u00e4m\u00e4t\u00f6n ja pakkauksessaan\/etiketiss\u00e4\u00e4n. Voit palauttaa sen postitse tai tuoda varastoomme osoitteeseen M\u00e4ealuse 10, ladu1 Tallinn. Palautuspostikulut eiv\u00e4t ole oikeutettuja hyvitykseen. Toimituskulut korvataan. Rahat palautetaan 4 arkip\u00e4iv\u00e4n kuluessa.<\/p>\n<p>Kaikki tavaramme tarkastetaan huolellisesti ennen l\u00e4hett\u00e4mist\u00e4. Jos l\u00f6yd\u00e4t edelleen viallisen tuotteen, ilmoita siit\u00e4 v\u00e4litt\u00f6m\u00e4sti asiakaspalveluumme osoitteeseen <a href=\"mailto:info.naturagroup@gmail.com\">info.naturagroup@gmail.com<\/a><\/p>\n<p><strong>Vaatimusten j\u00e4tt\u00e4mismenettely<\/strong><\/p>\n<ol>\n<li>Natura Group O\u00dc vastaa Kuluttajalle myytyjen tavaroiden sopimusehtojen vastaisuudesta tai virheist\u00e4, jotka ilmenev\u00e4t kahden vuoden kuluessa tavaran luovuttamisesta Kuluttajalle.<\/li>\n<li>Kuluttajalla on virheen sattuessa oikeus ottaa yhteytt\u00e4 <a href=\"http:\/\/www.naturagroup.eu\">naturagroup.eu<\/a>:hun viimeist\u00e4\u00e4n kahden kuukauden kuluessa ja esitt\u00e4\u00e4 lasku tai kopio laskusta, jonka perusteella tavaran osto on maksettu.<\/li>\n<li>Jos tuote on viallinen, lopeta tuotteen k\u00e4ytt\u00f6.<\/li>\n<li>Viallisen tuotteen korjaamisesta tai vaihtamisesta sovitaan yhdess\u00e4 <a href=\"http:\/\/www.naturagroup.eu\">naturagroup.eu<\/a>:n ja kuluttajan kanssa. Korjauskustannukset maksaa <a href=\"http:\/\/www.naturagroup.eu\">naturagroup.eu<\/a><\/li>\n<li>Naturagroup.eu ei vastaa tuotteessa Kuluttajan tuottamuksesta aiheutuneista virheist\u00e4, jotka ovat syntyneet tuotteen v\u00e4\u00e4r\u00e4n varastoinnin tai ei-tarkoituksenmukaisen k\u00e4yt\u00f6n seurauksena.<\/li>\n<li>Mik\u00e4li tuotteessa ilmenee virheit\u00e4 tai virheit\u00e4, l\u00e4het\u00e4 reklamaatio osoitteeseen info.naturagroup@gmail.com, jossa on tilaajan nimi, yhteyspuhelinnumero, tilausnumero ja tarkka kuvaus tuotteen virheellisyydest\u00e4. &#8211; vaatimustenmukaisuus tai vika ilmoitetaan.<\/li>\n<li>Reklamaatio tuotteen vaatimustenvastaisuudesta tai virheen havaitsemisesta on teht\u00e4v\u00e4 kahden kuukauden kuluessa tuotteen vaatimustenvastaisuuden tai puutteen havaitsemisesta.<\/li>\n<li>Kaikki reklamaatiot k\u00e4sitell\u00e4\u00e4n ja Kuluttajaan ollaan yhteydess\u00e4 mahdollisimman pian, kuitenkin viimeist\u00e4\u00e4n 14 p\u00e4iv\u00e4n kuluessa valituksen vastaanottamisesta.<\/li>\n<li>Kuluttajalla on oikeus vaatia <a href=\"http:\/\/www.naturagroup.eu\">naturagroup.eu<\/a> verkkokaupasta ostohinnan alennusta tai sopimuksen purkamista sek\u00e4 vaatia tavaran palautusta, jos naturagroup.eu verkkokauppa ei pysty korjaamaan tai vaihtamaan tuotetta, tavaran korjaus tai vaihto ep\u00e4onnistuu, <a href=\"http:\/\/www.naturagroup.eu\">naturagroup.eu<\/a> verkkokaupasta ei ole pulaa tavarasta kohtuullisessa ajassa eliminoitu, kuluttajalle on aiheutunut kohtuutonta haittaa.<\/li>\n<\/ol>\n<p>Jos Natura Group O\u00dc on kielt\u00e4ytynyt ratkaisemasta kuluttajan valitusta tai kuluttaja ei hyv\u00e4ksy ehdotettua ratkaisua ja katsoo, ett\u00e4 h\u00e4nen oikeuksiaan on loukattu tai h\u00e4nen etujaan on loukattu, Kuluttaja voi tehd\u00e4 valituksen Kuluttajavalituslautakunnalle Kuluttajan v\u00e4lityksell\u00e4. suojelulautakunnalle tai tuomioistuimelle. Kuluttaja voi tehd\u00e4 valituksen itse tai edustajan v\u00e4lityksell\u00e4. Kuluttajansuojatoimikunnan tiedot ovat <a href=\"https:\/\/ttja.ee\/en\" target=\"_blank\" rel=\"noopener\">kuluttajansuojalautakunnan verkkosivuilla<\/a>, Euroopan unionin j\u00e4senvaltioissa ilmenevien ongelmien ratkaisemiseksi ota yhteytt\u00e4 <a href=\"https:\/\/consumer.ee\/en\/\" target=\"_blank\" rel=\"noopener\">Euroopan unionin kuluttajaneuvontaan<\/a>.<\/p>\n<p><strong>HUOM! Alennusten aikana voi k\u00e4yd\u00e4 niin, ett\u00e4 haluamasi tuote on loppunut varastosta. T\u00e4ss\u00e4 tapauksessa ilmoitamme sinulle v\u00e4litt\u00f6m\u00e4sti s\u00e4hk\u00f6postitse ja palautamme rahat.<\/strong><\/p>\n<hr \/>\n<div class=\"gmail-page-title\"><\/div>\n<div class=\"gmail-std\">\n<h3><strong>TOIMITUS JA MAKSU<\/strong><\/h3>\n<p>Yli 50 euron arvoiset tavarat voidaan noutaa etuk\u00e4teen sovittaessa Natura Group O\u00dc:n varastosta osoitteesta M\u00e4ealuse 10, ladu 1, Tallinna.<\/p>\n<p><strong>Omniva pakettiautomaatti (2.99.-)<\/strong><\/p>\n<p>Saat tuotteet keskim\u00e4\u00e4rin 3 arkip\u00e4iv\u00e4n kuluessa tilausvahvistuksesta s\u00e4hk\u00f6postiosoitteeseesi. Yhteens\u00e4 181 Omniva-pakettiautomaattia on avoinna ymp\u00e4ri vuorokauden eri puolilla Viroa. Vastaanottajalle ilmoitetaan saapuneesta paketista ja paketin sijainnista tekstiviestill\u00e4 ja s\u00e4hk\u00f6postilla.<\/p>\n<p>Toimituskuluja ei lis\u00e4t\u00e4 yli 30 euron tilauksiin.<\/p>\n<p>Tilaa verkkokauppasi aina Omnivan pakettiautomaattiin, sill\u00e4 vain niin saat paketin nopeasti ja juuri silloin, kun sinulla on siihen aikaa.<\/p>\n<p><strong>Eesti Post (3,99.-)<\/strong><\/p>\n<p>Voit vastaanottaa tuotteet postista keskim\u00e4\u00e4rin 3 arkip\u00e4iv\u00e4n kuluessa tilausvahvistuksesta s\u00e4hk\u00f6postiosoitteeseesi.<br \/>\nKun tilatut tavarat saapuvat postiin, sinulle l\u00e4hetet\u00e4\u00e4n pakettiilmoitus, jossa on tiedot mist\u00e4 postitoimistosta voit noutaa tuotteet.<\/p>\n<p>Yli 30 euron tilauksiin ei lis\u00e4t\u00e4 toimituskuluja.<\/p>\n<p>Itella SmartPOST (2,99.-)<\/p>\n<p>Saat tuotteet keskim\u00e4\u00e4rin 3 arkip\u00e4iv\u00e4n kuluessa tilausvahvistuksesta s\u00e4hk\u00f6postiosoitteeseesi.<\/p>\n<p>Vastaanottajalle ilmoitetaan saapuneesta paketista ja paketin sijainnista tekstiviestill\u00e4 ja\/tai s\u00e4hk\u00f6postilla.<\/p>\n<p>L\u00e4himm\u00e4n automaatin sijainnin ja aukioloajat saat selville katsomalla pakettiautomaatin sijaintikarttaamme.<\/p>\n<p>Yli 30 euron tilauksiin ei lis\u00e4t\u00e4 toimituskuluja.<\/p>\n<p><strong>Omniva kuriiri (4.70.-)<\/strong><\/p>\n<p>Tilattu tuote toimitetaan kuriirin v\u00e4lityksell\u00e4 tilauksessasi ilmoittamaasi osoitteeseen keskim\u00e4\u00e4rin 3 arkip\u00e4iv\u00e4n kuluessa tilausvahvistuksen l\u00e4hett\u00e4misest\u00e4 s\u00e4hk\u00f6postiosoitteeseesi. Kuriirikuljetuksessa asiakkaalle soitetaan etuk\u00e4teen ja sovitaan sopiva aika l\u00e4hetyksen toimitukselle. Mik\u00e4li toimitusyritys ep\u00e4onnistuu, paketti s\u00e4ilytet\u00e4\u00e4n Eesti Postin postitoimistossa ja vastaanottajalle ilmoitetaan postipaketin saapumisesta.<\/p>\n<p>Toimituskuluja ei lis\u00e4t\u00e4 yli 50 euron tilauksiin.<\/p>\n<p><strong>Tuote toimitetaan maksun vastaanottamisen j\u00e4lkeen.<\/strong><\/p>\n<p>Toimitusaika Virossa on yleens\u00e4 2-3 ty\u00f6p\u00e4iv\u00e4\u00e4. Euroopan unionin sis\u00e4ll\u00e4 3-7 p\u00e4iv\u00e4\u00e4. Euroopan unionin ulkopuolella enint\u00e4\u00e4n 2 viikkoa. Joskus joidenkin tuotteiden toimitusaika on jopa 2 viikkoa &#8211; ilmoitamme t\u00e4st\u00e4 varmasti s\u00e4hk\u00f6postitse.<\/p>\n<p>Jos et ole saanut pakettia, kirjoita meille osoitteeseen <a href=\"mailto:info.naturagroup@gmail.com\">info.naturagroup@gmail.com<\/a> tai soita ma-pe <a href=\"tel:+37253844660\">+372 53844 660<\/a>.<\/p>\n<hr \/>\n<div class=\"gmail-page-title\">\n<h3><strong>MITEN OSTAA?<\/strong><\/h3>\n<p>Ostaminen verkkokaupastamme on helppoa:<\/p>\n<p>1. Valitse ensin tuotteet ja lis\u00e4\u00e4 ne ostoskoriin.<\/p>\n<p>2. T\u00e4yt\u00e4 tilaus. Muista liitt\u00e4\u00e4 mukaan yhteystietosi.<\/p>\n<p>3. Maksa ostoksesi verkkopankissasi saamasi laskun perusteella.<\/p>\n<p>Palvelun tarjoaa Natura Group O\u00dc, rekisterinumero 14162679, KMKR EE101643175<\/p>\n<\/div>\n<div class=\"gmail-std\">\n<hr \/>\n<h3><strong>K\u00c4RRYN KOKOAMINEN<\/strong><\/h3>\n<p>Valitse ensin tuotteet ja lis\u00e4\u00e4 ne ostoskoriin. Tuotteiden lis\u00e4\u00e4minen ostoskoriin ei sido sinua ostamaan niit\u00e4. Voit vapaasti muuttaa ostoskorisi sis\u00e4lt\u00f6\u00e4. N\u00e4hd\u00e4ksesi ostoskoriisi lis\u00e4\u00e4m\u00e4si tuotteet, napsauta &#8221;n\u00e4yt\u00e4 ostoskori&#8221; -linkki\u00e4.<\/p>\n<hr \/>\n<h3><strong>TILAUKSEN MUODOSTAMINEN<\/strong><\/h3>\n<p>T\u00e4yt\u00e4 yhteystietosi tilauslomakkeen kenttiin. Voit maksaa ostoksesi heti tilauksen tekemisen j\u00e4lkeen verkkopankissa. Tavarat l\u00e4hetet\u00e4\u00e4n maksun vastaanottamisen j\u00e4lkeen.<\/p>\n<p><strong>Toimitamme yli 25 \u20ac tilaukset ilmaiseksi.<\/strong><\/p>\n<p>Alle 30 \u20ac tilauksiin lis\u00e4t\u00e4\u00e4n toimituskulut alkaen 2,99 \u20ac.<\/p>\n<hr \/>\n<h3><strong>TAVAROIDEN PALAUTUS<\/strong><\/h3>\n<p>Mik\u00e4li ostamasi tuote ei sopinut sinulle ja haluat palauttaa sen, ilmoita siit\u00e4 asiakaspalveluumme osoitteeseen <a href=\"mailto:info.naturagroup@gmail.com\">info.naturagroup@gmail.com<\/a>. Kaikilla tuotteilla on 14 p\u00e4iv\u00e4n palautusoikeus tavaran vastaanottamisesta. Tuotteen tulee olla k\u00e4ytt\u00e4m\u00e4t\u00f6n ja pakkauksessaan\/etiketiss\u00e4\u00e4n. Voit palauttaa sen postitse tai tuoda varastoomme osoitteeseen M\u00e4ealuse 10, varasto 1, Tallinna. Palautuspostikulut eiv\u00e4t ole oikeutettuja hyvitykseen. Toimituskulut korvataan. Rahat palautetaan 4 arkip\u00e4iv\u00e4n kuluessa.<\/p>\n<p>Kaikki tavaramme tarkastetaan huolellisesti ennen l\u00e4hett\u00e4mist\u00e4. Jos l\u00f6yd\u00e4t edelleen viallisen tuotteen, ilmoita siit\u00e4 v\u00e4litt\u00f6m\u00e4sti asiakaspalveluumme <a href=\"mailto:info.naturagroup@gmail.com\">info.naturagroup@gmail.com<\/a>.<\/p>\n<p><strong>Vaatimusten j\u00e4tt\u00e4mismenettely<\/strong><\/p>\n<ol>\n<li>Natura Group O\u00dc vastaa Kuluttajalle myytyjen tavaroiden sopimusehtojen vastaisuudesta tai virheist\u00e4, jotka ilmenev\u00e4t kahden vuoden kuluessa tavaran luovuttamisesta Kuluttajalle.<\/li>\n<li>Kuluttajalla on virheen ilmetess\u00e4 oikeus ottaa yhteytt\u00e4 Natura Group O\u00dc:hen viimeist\u00e4\u00e4n kahden kuukauden kuluessa ja esitt\u00e4\u00e4 lasku tai kopio laskusta, jonka perusteella tavara on maksettu.<\/li>\n<li>Jos tuote on viallinen, lopeta tuotteen k\u00e4ytt\u00f6.<\/li>\n<li>Natura Group O\u00dc ja Kuluttaja sopivat viallisten tuotteiden vaihtamisesta. Vaihtokulut maksaa Natura Group O\u00dc.<\/li>\n<li>Natura Group O\u00dc ei vastaa Kuluttajan tuottamuksesta aiheutuneista tuotevirheist\u00e4, jotka ovat syntyneet tuotteen v\u00e4\u00e4r\u00e4n varastoinnin tai ei-tarkoituksenmukaisen k\u00e4yt\u00f6n seurauksena.<\/li>\n<li>Mik\u00e4li tuotteessa ilmenee virheit\u00e4 tai virheit\u00e4, l\u00e4het\u00e4 reklamaatio osoitteeseen info.naturagroup@gmail.com, jossa on tilaajan nimi, yhteyspuhelinnumero, tilausnumero ja tarkka kuvaus tuotteen virheellisyydest\u00e4. &#8211; vaatimustenmukaisuus tai vika ilmoitetaan.<\/li>\n<li>Reklamaatio tuotteen vaatimustenvastaisuudesta tai virheen havaitsemisesta on teht\u00e4v\u00e4 kahden kuukauden kuluessa tuotteen vaatimustenvastaisuuden tai puutteen havaitsemisesta.<\/li>\n<li>Kaikki reklamaatiot k\u00e4sitell\u00e4\u00e4n ja Kuluttajaan ollaan yhteydess\u00e4 mahdollisimman pian, kuitenkin viimeist\u00e4\u00e4n 14 p\u00e4iv\u00e4n kuluessa valituksen vastaanottamisesta.<\/li>\n<li>Kuluttajalla on oikeus vaatia Natura Group O\u00dc verkkokaupasta ostohinnan alennusta tai sopimuksen purkamista sek\u00e4 vaatia tavaran palautusta, jos tavaraa ei ole mahdollista korjata tai vaihtaa Natura Group O\u00dc:ss\u00e4. verkkokaupasta, tavaran korjaus tai vaihto ep\u00e4onnistuu, naturageoup.eu verkkokaupasta ei ole pulaa tavarasta kohtuullisessa ajassa eliminoitu, kuluttajalle on aiheutunut kohtuutonta haittaa.<\/li>\n<\/ol>\n<p>Jos Natura group O\u00dc on kielt\u00e4ytynyt ratkaisemasta kuluttajan valitusta tai kuluttaja ei hyv\u00e4ksy ehdotettua ratkaisua ja katsoo, ett\u00e4 h\u00e4nen oikeuksiaan on loukattu tai h\u00e4nen etujaan on loukattu, Kuluttaja voi tehd\u00e4 valituksen Kuluttajavalituslautakunnalle Kuluttajan v\u00e4lityksell\u00e4. suojelulautakunnalle tai tuomioistuimelle. Kuluttaja voi tehd\u00e4 valituksen itse tai edustajan v\u00e4lityksell\u00e4. Kuluttajansuojatoimikunnan tiedot l\u00f6ytyv\u00e4t <a href=\"https:\/\/ttja.ee\/en\" target=\"_blank\" rel=\"noopener\">Kuluttajansuojalautakunnan verkkosivuilta<\/a>, Euroopan unionin j\u00e4senvaltioissa ilmenevien ongelmien ratkaisemiseksi ota yhteytt\u00e4 <a href=\"https:\/\/consumer.ee\/en\/\" target=\"_blank\" rel=\"noopener\">Euroopan unionin kuluttajaneuvontaan<\/a>.<\/p>\n<p><strong>HUOM! Alennusten aikana voi k\u00e4yd\u00e4 niin, ett\u00e4 haluamasi tuote on loppunut varastosta. T\u00e4ss\u00e4 tapauksessa ilmoitamme sinulle v\u00e4litt\u00f6m\u00e4sti s\u00e4hk\u00f6postitse ja palautamme rahat.<\/strong><\/p>\n<hr \/>\n<div class=\"gmail-page-title\">\n<h3><strong>TUKKUMYYNTIIN<\/strong><\/h3>\n<p><strong>JOS OLET KAUPAN OMISTAJA TAI SUURI KULUTTAJA:<\/strong><\/p>\n<p>Kaikki Natura Group O\u00dc -tuotteet ovat saatavilla edullisilla tukkuhinnoilla j\u00e4lleenmyynti\u00e4 varten v\u00e4hitt\u00e4iskauppoihin, ja suurkuluttajille on tarjolla erikoistukkuhinnat.<\/p>\n<p>Yhteystiedot: <a href=\"mailto:info.naturagroup@gmail.com\">info.naturagroup@gmail.com<\/a><\/p>\n<p>Jos haluat myyd\u00e4 Natura Group O\u00dc -tuotteita omalla nimell\u00e4si (private label), ota meihin yhteytt\u00e4.<\/p>\n<\/div>\n<\/div>\n<\/div>\n\n\t\t<\/div>\n\t<\/div>\n<\/div><\/div><\/div><\/div><\/div><\/section>\n","protected":false},"excerpt":{"rendered":"Myyntiehdot TAVAROIDEN PALAUTUS Mik\u00e4li ostamasi tuote ei sopinut sinulle ja haluat palauttaa sen, ilmoita siit\u00e4 asiakaspalveluumme osoitteeseen info.naturagroup@gmail.com. Kaikilla tuotteilla on 14 p\u00e4iv\u00e4n palautusoikeus tavaran vastaanottamisesta. Tuotteen tulee olla k\u00e4ytt\u00e4m\u00e4t\u00f6n ja pakkauksessaan\/etiketiss\u00e4\u00e4n. Voit palauttaa sen postitse tai tuoda varastoomme osoitteeseen M\u00e4ealuse 10, ladu1 Tallinn. Palautuspostikulut eiv\u00e4t ole oikeutettuja hyvitykseen. Toimituskulut korvataan. Rahat palautetaan 4 arkip\u00e4iv\u00e4n...","protected":false},"author":5,"featured_media":0,"parent":0,"menu_order":0,"comment_status":"closed","ping_status":"closed","template":"","meta":{"inline_featured_image":false,"footnotes":""},"class_list":["post-1543","page","type-page","status-publish","hentry"],"yoast_head":"<!-- This site is optimized with the Yoast SEO plugin v23.6 - https:\/\/yoast.com\/wordpress\/plugins\/seo\/ -->\n<title>Myyntiehdot - Natura Group<\/title>\n<meta name=\"robots\" content=\"index, follow, max-snippet:-1, max-image-preview:large, max-video-preview:-1\" \/>\n<link rel=\"canonical\" href=\"https:\/\/naturagroup.eu\/fi\/sales-terms\/\" \/>\n<meta property=\"og:locale\" content=\"fi_FI\" \/>\n<meta property=\"og:type\" content=\"article\" \/>\n<meta property=\"og:title\" content=\"Myyntiehdot - Natura Group\" \/>\n<meta property=\"og:url\" content=\"https:\/\/naturagroup.eu\/fi\/sales-terms\/\" \/>\n<meta property=\"og:site_name\" content=\"Natura Group\" \/>\n<meta property=\"article:modified_time\" content=\"2024-05-24T08:31:37+00:00\" \/>\n<meta name=\"twitter:card\" content=\"summary_large_image\" \/>\n<meta name=\"twitter:label1\" content=\"Arvioitu lukuaika\" \/>\n\t<meta name=\"twitter:data1\" content=\"7 minuuttia\" \/>\n<script type=\"application\/ld+json\" class=\"yoast-schema-graph\">{\"@context\":\"https:\/\/schema.org\",\"@graph\":[{\"@type\":\"WebPage\",\"@id\":\"https:\/\/naturagroup.eu\/fi\/sales-terms\/\",\"url\":\"https:\/\/naturagroup.eu\/fi\/sales-terms\/\",\"name\":\"Myyntiehdot - Natura Group\",\"isPartOf\":{\"@id\":\"https:\/\/naturagroup.eu\/fi\/#website\"},\"datePublished\":\"2018-12-09T14:05:52+00:00\",\"dateModified\":\"2024-05-24T08:31:37+00:00\",\"breadcrumb\":{\"@id\":\"https:\/\/naturagroup.eu\/fi\/sales-terms\/#breadcrumb\"},\"inLanguage\":\"fi\",\"potentialAction\":[{\"@type\":\"ReadAction\",\"target\":[\"https:\/\/naturagroup.eu\/fi\/sales-terms\/\"]}]},{\"@type\":\"BreadcrumbList\",\"@id\":\"https:\/\/naturagroup.eu\/fi\/sales-terms\/#breadcrumb\",\"itemListElement\":[{\"@type\":\"ListItem\",\"position\":1,\"name\":\"Home\",\"item\":\"https:\/\/naturagroup.eu\/fi\/\"},{\"@type\":\"ListItem\",\"position\":2,\"name\":\"Myyntiehdot\"}]},{\"@type\":\"WebSite\",\"@id\":\"https:\/\/naturagroup.eu\/fi\/#website\",\"url\":\"https:\/\/naturagroup.eu\/fi\/\",\"name\":\"Natura Group\",\"description\":\"Natura Group is established in 2016 and we provide eco-friendly and biodegradable food packing as plates, bowls, cutlery.\",\"publisher\":{\"@id\":\"https:\/\/naturagroup.eu\/fi\/#organization\"},\"potentialAction\":[{\"@type\":\"SearchAction\",\"target\":{\"@type\":\"EntryPoint\",\"urlTemplate\":\"https:\/\/naturagroup.eu\/fi\/?s={search_term_string}\"},\"query-input\":{\"@type\":\"PropertyValueSpecification\",\"valueRequired\":true,\"valueName\":\"search_term_string\"}}],\"inLanguage\":\"fi\"},{\"@type\":\"Organization\",\"@id\":\"https:\/\/naturagroup.eu\/fi\/#organization\",\"name\":\"Natura Group O\u00dc\",\"url\":\"https:\/\/naturagroup.eu\/fi\/\",\"logo\":{\"@type\":\"ImageObject\",\"inLanguage\":\"fi\",\"@id\":\"https:\/\/naturagroup.eu\/fi\/#\/schema\/logo\/image\/\",\"url\":\"https:\/\/naturagroup.eu\/wp-content\/uploads\/2018\/11\/natura-dark-text.png\",\"contentUrl\":\"https:\/\/naturagroup.eu\/wp-content\/uploads\/2018\/11\/natura-dark-text.png\",\"width\":874,\"height\":960,\"caption\":\"Natura Group O\u00dc\"},\"image\":{\"@id\":\"https:\/\/naturagroup.eu\/fi\/#\/schema\/logo\/image\/\"}}]}<\/script>\n<!-- \/ Yoast SEO plugin. -->","yoast_head_json":{"title":"Myyntiehdot - Natura Group","robots":{"index":"index","follow":"follow","max-snippet":"max-snippet:-1","max-image-preview":"max-image-preview:large","max-video-preview":"max-video-preview:-1"},"canonical":"https:\/\/naturagroup.eu\/fi\/sales-terms\/","og_locale":"fi_FI","og_type":"article","og_title":"Myyntiehdot - Natura Group","og_url":"https:\/\/naturagroup.eu\/fi\/sales-terms\/","og_site_name":"Natura Group","article_modified_time":"2024-05-24T08:31:37+00:00","twitter_card":"summary_large_image","twitter_misc":{"Arvioitu lukuaika":"7 minuuttia"},"schema":{"@context":"https:\/\/schema.org","@graph":[{"@type":"WebPage","@id":"https:\/\/naturagroup.eu\/fi\/sales-terms\/","url":"https:\/\/naturagroup.eu\/fi\/sales-terms\/","name":"Myyntiehdot - Natura Group","isPartOf":{"@id":"https:\/\/naturagroup.eu\/fi\/#website"},"datePublished":"2018-12-09T14:05:52+00:00","dateModified":"2024-05-24T08:31:37+00:00","breadcrumb":{"@id":"https:\/\/naturagroup.eu\/fi\/sales-terms\/#breadcrumb"},"inLanguage":"fi","potentialAction":[{"@type":"ReadAction","target":["https:\/\/naturagroup.eu\/fi\/sales-terms\/"]}]},{"@type":"BreadcrumbList","@id":"https:\/\/naturagroup.eu\/fi\/sales-terms\/#breadcrumb","itemListElement":[{"@type":"ListItem","position":1,"name":"Home","item":"https:\/\/naturagroup.eu\/fi\/"},{"@type":"ListItem","position":2,"name":"Myyntiehdot"}]},{"@type":"WebSite","@id":"https:\/\/naturagroup.eu\/fi\/#website","url":"https:\/\/naturagroup.eu\/fi\/","name":"Natura Group","description":"Natura Group is established in 2016 and we provide eco-friendly and biodegradable food packing as plates, bowls, cutlery.","publisher":{"@id":"https:\/\/naturagroup.eu\/fi\/#organization"},"potentialAction":[{"@type":"SearchAction","target":{"@type":"EntryPoint","urlTemplate":"https:\/\/naturagroup.eu\/fi\/?s={search_term_string}"},"query-input":{"@type":"PropertyValueSpecification","valueRequired":true,"valueName":"search_term_string"}}],"inLanguage":"fi"},{"@type":"Organization","@id":"https:\/\/naturagroup.eu\/fi\/#organization","name":"Natura Group O\u00dc","url":"https:\/\/naturagroup.eu\/fi\/","logo":{"@type":"ImageObject","inLanguage":"fi","@id":"https:\/\/naturagroup.eu\/fi\/#\/schema\/logo\/image\/","url":"https:\/\/naturagroup.eu\/wp-content\/uploads\/2018\/11\/natura-dark-text.png","contentUrl":"https:\/\/naturagroup.eu\/wp-content\/uploads\/2018\/11\/natura-dark-text.png","width":874,"height":960,"caption":"Natura Group O\u00dc"},"image":{"@id":"https:\/\/naturagroup.eu\/fi\/#\/schema\/logo\/image\/"}}]}},"_links":{"self":[{"href":"https:\/\/naturagroup.eu\/fi\/wp-json\/wp\/v2\/pages\/1543","targetHints":{"allow":["GET"]}}],"collection":[{"href":"https:\/\/naturagroup.eu\/fi\/wp-json\/wp\/v2\/pages"}],"about":[{"href":"https:\/\/naturagroup.eu\/fi\/wp-json\/wp\/v2\/types\/page"}],"author":[{"embeddable":true,"href":"https:\/\/naturagroup.eu\/fi\/wp-json\/wp\/v2\/users\/5"}],"replies":[{"embeddable":true,"href":"https:\/\/naturagroup.eu\/fi\/wp-json\/wp\/v2\/comments?post=1543"}],"version-history":[{"count":2,"href":"https:\/\/naturagroup.eu\/fi\/wp-json\/wp\/v2\/pages\/1543\/revisions"}],"predecessor-version":[{"id":1980,"href":"https:\/\/naturagroup.eu\/fi\/wp-json\/wp\/v2\/pages\/1543\/revisions\/1980"}],"wp:attachment":[{"href":"https:\/\/naturagroup.eu\/fi\/wp-json\/wp\/v2\/media?parent=1543"}],"curies":[{"name":"wp","href":"https:\/\/api.w.org\/{rel}","templated":true}]}}