{"id":1542,"date":"2018-12-09T14:05:43","date_gmt":"2018-12-09T14:05:43","guid":{"rendered":"https:\/\/naturagroup.eu\/privacy-policy\/"},"modified":"2024-05-24T07:36:43","modified_gmt":"2024-05-24T07:36:43","slug":"privacy-policy","status":"publish","type":"page","link":"https:\/\/naturagroup.eu\/fi\/privacy-policy\/","title":{"rendered":"Tietosuojak\u00e4yt\u00e4nt\u00f6"},"content":{"rendered":"<section class=\"l-section wpb_row height_medium with_img parallax_fixed with_overlay\"><div class=\"l-section-img\" style=\"background-image: url(https:\/\/naturagroup.eu\/wp-content\/uploads\/2018\/11\/unnamed-5.jpg);\" data-img-width=\"1600\" data-img-height=\"1020\"><\/div><div class=\"l-section-overlay\" style=\"background-color: rgba(255,255,255,0.92)\"><\/div><div class=\"l-section-h i-cf\"><div class=\"g-cols vc_row type_default valign_top\"><div class=\"vc_col-sm-12 wpb_column vc_column_container\"><div class=\"vc_column-inner\"><div class=\"wpb_wrapper\">\n\t<div class=\"wpb_text_column \">\n\t\t<div class=\"wpb_wrapper\">\n\t\t\t<h1 style=\"text-align: center\">Tietosuojak\u00e4yt\u00e4nt\u00f6<\/h1>\n\n\t\t<\/div>\n\t<\/div>\n<\/div><\/div><\/div><\/div><\/div><\/section><section class=\"l-section wpb_row height_medium\"><div class=\"l-section-h i-cf\"><div class=\"g-cols vc_row type_default valign_top\"><div class=\"vc_col-sm-12 wpb_column vc_column_container\"><div class=\"vc_column-inner\"><div class=\"wpb_wrapper\">\n\t<div class=\"wpb_text_column \">\n\t\t<div class=\"wpb_wrapper\">\n\t\t\t<p><strong>Tietosuojaseloste \/ Henkil\u00f6tietojen k\u00e4sittelyn yleiset s\u00e4\u00e4nn\u00f6t ja ehdot<\/strong><\/p>\n<p>Natura Group O\u00fc on sitoutunut suojelemaan asiakkaidensa ja k\u00e4ytt\u00e4jiens\u00e4 yksityisyytt\u00e4. Sen mukaisesti olemme laatineet t\u00e4m\u00e4n tietosuojak\u00e4yt\u00e4nn\u00f6n, joka kattaa asiakastietojen ker\u00e4\u00e4misen, k\u00e4yt\u00f6n, luovuttamisen, siirron ja s\u00e4ilytt\u00e4misen. Toimintamme Internetiss\u00e4 noudattaa kaikkia asiaankuuluvia k\u00e4yt\u00e4nt\u00f6j\u00e4 ja asiaankuuluvaa Euroopan unionin lains\u00e4\u00e4d\u00e4nt\u00f6\u00e4 sek\u00e4 Viron tasavallan lakeja.<\/p>\n<p>Natura Group O\u00dc on laatinut n\u00e4m\u00e4 henkil\u00f6tietojen k\u00e4sittely\u00e4 koskevat yleiset ehdot, ja kaikkien Natura Group O\u00dc:n ty\u00f6ntekij\u00f6iden ja yhteisty\u00f6kumppaneiden on noudatettava n\u00e4it\u00e4 ehtoja k\u00e4sitelless\u00e4\u00e4n henkil\u00f6tietoja. Natura Group O\u00dc on vastuussa henkil\u00f6tietojen k\u00e4sittelyn j\u00e4rjest\u00e4misest\u00e4 ja n\u00e4iden ehtojen noudattamisesta.<\/p>\n<p>Natura Group O\u00dc on henkil\u00f6tietojen rekisterinpit\u00e4j\u00e4, Natura Group O\u00dc siirt\u00e4\u00e4 maksujen suorittamiseksi tarvittavat henkil\u00f6tiedot k\u00e4sittelij\u00e4 Maksekeskus AS:lle.<\/p>\n<p><strong>Mihin tarkoituksiin ker\u00e4\u00e4mme ja k\u00e4sittelemme henkil\u00f6tietoja?<\/strong><\/p>\n<p>Ker\u00e4\u00e4mme ja k\u00e4yt\u00e4mme henkil\u00f6tietojasi<br \/>\n&#8211; Myyntisopimusten tekemiseen kanssasi ja tilausten t\u00e4ytt\u00e4miseen.<br \/>\n&#8211; Suostumuksellasi k\u00e4yt\u00e4mme tietoja l\u00e4hett\u00e4\u00e4ksemme sinulle uutiskirjeit\u00e4, tarjouksia, muistutuksia ja muuta myynninedist\u00e4mistarkoituksessa tapahtuvaa viestint\u00e4\u00e4.<br \/>\n&#8211; Voimme k\u00e4ytt\u00e4\u00e4 henkil\u00f6tietojasi my\u00f6s muihin tarkoituksiin, jotka on kuvattu n\u00e4iss\u00e4 ehdoissa.<\/p>\n<p><strong>Mit\u00e4 tietoja ker\u00e4\u00e4mme sinusta ja mihin k\u00e4yt\u00e4mme niit\u00e4?<\/strong><\/p>\n<p>Ker\u00e4\u00e4mme sinusta seuraavia henkil\u00f6tietoja asioidessamme kanssasi:<\/p>\n<p>Etu- ja sukunimi, osoite, puhelinnumero, s\u00e4hk\u00f6postiosoite.<\/p>\n<p>My\u00f6hemm\u00e4n asiakasviestinn\u00e4n ja tilausten toteuttamisen yhteydess\u00e4 tallennamme my\u00f6s tilaustasi koskevia tietoja (eli tietoja tilauksistasi, sopimuksista, maksuista, l\u00e4hetetyist\u00e4 kirjeist\u00e4 ja ilmoituksista jne.)<\/p>\n<p>Jotta voimme tehd\u00e4 kanssasi myyntisopimuksen tai toteuttaa sopimuksen, voimme ker\u00e4t\u00e4, tallentaa, s\u00e4ilytt\u00e4\u00e4, v\u00e4litt\u00e4\u00e4, k\u00e4ytt\u00e4\u00e4 ja muutoin k\u00e4sitell\u00e4 tietojasi asianmukaisella tavalla, erityisesti seuraaviin tarkoituksiin:<\/p>\n<ul>\n<li>yhteydenpito kanssasi sopimuksen tekemiseksi, sopimukseen liittyvien tietojen toimittamiseksi ja muihin sopimusasioihin liittyen. Voimme esimerkiksi l\u00e4hett\u00e4\u00e4 sinulle ilmoituksia verkkokauppatilauksen valmistumisesta tai muistutuksia laskujen maksamisesta;<\/li>\n<li>Tarjousten ja tuotetietojen l\u00e4hett\u00e4minen sinulle;<\/li>\n<li>Tilauksen t\u00e4ytt\u00e4miseksi tarvittavien tietojen v\u00e4litt\u00e4minen yhteisty\u00f6kumppaneille (kuljetus- ja kuriirifirmoille);<\/li>\n<li>laskujen ja kirjanpitoasiakirjojen laatiminen ja l\u00e4hett\u00e4minen;<\/li>\n<li>Riskien ehk\u00e4iseminen ja v\u00e4ltt\u00e4minen, mukaan lukien tietojen antaminen valtuutetun IT-palveluntarjoajan k\u00e4ytt\u00f6\u00f6n tietokonej\u00e4rjestelmien yll\u00e4pitoa, teknisten ongelmien ratkaisemista ja tietoturvaa varten;<\/li>\n<\/ul>\n<p><strong>Milloin pyyd\u00e4mme suostumustasi?<\/strong><\/p>\n<p>Jos haluamme k\u00e4sitell\u00e4 tietojasi tarkoitusta varten, johon meill\u00e4 ei ole muuta sopimukseen tai lakiin perustuvaa oikeusperustaa, pyyd\u00e4mme suostumuksesi.<\/p>\n<p>Saatuamme suostumuksesi k\u00e4sittelemme tietojasi niiden tarkoitusten laajuudessa ja rajoissa, joita varten meill\u00e4 on suostumuksesi.<\/p>\n<p>Voimme esimerkiksi pyyt\u00e4\u00e4 suostumustasi seuraaviin tarkoituksiin:<\/p>\n<ul>\n<li>T\u00e4rkeiden muistutusten l\u00e4hett\u00e4minen s\u00e4hk\u00f6postitse tai puhelimitse verkkokaupassa tehdyist\u00e4 tilauksista;<\/li>\n<li>l\u00e4hett\u00e4\u00e4 sinulle s\u00e4hk\u00f6postitse tai puhelimitse uutiskirjeit\u00e4, tavara- ja palvelutarjouksia sek\u00e4 onnitteluja.<\/li>\n<li>Uutiskirjeet ja tarjoukset voivat sis\u00e4lt\u00e4\u00e4 Natura Group O\u00dc:n ja kumppaniyritystemme tarjouksia.<\/li>\n<li>Edell\u00e4 mainittujen lis\u00e4ksi saatamme pyyt\u00e4\u00e4 suostumustasi tietojesi k\u00e4ytt\u00e4miseen muilla tavoin.<\/li>\n<\/ul>\n<p>Sinulla on oikeus peruuttaa suostumuksesi milloin tahansa kirjoittamalla osoitteeseen<a href=\"mailto:info.naturagroup@gmail.com\"> info.naturagroup@gmail.com<\/a> tai ottamalla yhteytt\u00e4 johonkin myym\u00e4l\u00e4\u00e4mme, ja me lopetamme v\u00e4litt\u00f6m\u00e4sti suostumuksen antamisen, ellei meill\u00e4 ole muuta laillista perustetta tietojen k\u00e4sittelylle.<\/p>\n<p><strong>Miten muuten voimme k\u00e4ytt\u00e4\u00e4 tietojasi?<\/strong><\/p>\n<p>Voimme k\u00e4ytt\u00e4\u00e4 tietojasi my\u00f6s j\u00e4ljemp\u00e4n\u00e4 mainittuihin tarkoituksiin ja tavoilla, my\u00f6s silloin, kun meill\u00e4 on siihen oikeutettu etu.<\/p>\n<p>Oikeutetun edun perusteella k\u00e4sittelemme henkil\u00f6tietojasi vasta sen j\u00e4lkeen, kun olemme suorittaneet niin sanotun kolmivaiheisen testin, jossa todetaan, ett\u00e4 meill\u00e4 on oikeutettu etu, ett\u00e4 henkil\u00f6tietojesi k\u00e4sittely t\u00e4m\u00e4n oikeutetun edun perusteella on meille v\u00e4ltt\u00e4m\u00e4t\u00f6nt\u00e4 ja ett\u00e4 k\u00e4sittely on yhteensopiva etujesi ja oikeuksiesi kanssa.<\/p>\n<p>Sinulla on oikeus milloin tahansa vastustaa henkil\u00f6tietojesi k\u00e4sittely\u00e4 oikeutetun etumme perusteella.<\/p>\n<ul>\n<li>Voimme k\u00e4sitell\u00e4 henkil\u00f6tietojasi oikeutetun etumme perusteella liittyen asiakaskuntamme hallintaan ja henkil\u00f6tietojesi k\u00e4sittelyyn.<br \/>\nanalysointi markkinointi- tai tilastollisia tarkoituksia varten.<\/li>\n<li>Voimme luovuttaa tietojasi muille osapuolille, jos se on tarpeen oikeuksiemme suojaamiseksi (esimerkiksi tuomioistuimille, perint\u00e4toimistoille, ulosottomiehille) tai lakis\u00e4\u00e4teisten velvoitteidemme noudattamiseksi.<\/li>\n<\/ul>\n<p><strong>Kenell\u00e4 muulla on p\u00e4\u00e4sy tietoihisi?<\/strong><\/p>\n<p>N\u00e4iss\u00e4 ehdoissa mainittujen muiden henkil\u00f6iden lis\u00e4ksi p\u00e4\u00e4sy tietoihin voidaan my\u00f6nt\u00e4\u00e4 kaikille Natura Group O\u00dc:n ty\u00f6ntekij\u00f6ille ja valtuutetuille henkil\u00f6ille, jotka hoitavat teht\u00e4vi\u00e4\u00e4n, sek\u00e4 tietotekniikka-, kirjanpito-, markkinointi- ja muille tukipalvelujen tarjoajille, luottolaitoksille ja muille henkil\u00f6ille, joille tietojen siirto on tarpeen n\u00e4iss\u00e4 ehdoissa m\u00e4\u00e4riteltyj\u00e4 tarkoituksia varten tai joille olemme lain mukaan velvollisia siirt\u00e4m\u00e4\u00e4n tietoja (erityisesti viranomaiset).<\/p>\n<p>Natura group O\u00dc ja yhteisty\u00f6kumppanimme, joille siirr\u00e4mme tietojasi, ovat velvollisia pit\u00e4m\u00e4\u00e4n tietosi luottamuksellisina. Emme luovuta tietojasi muille kuin n\u00e4iss\u00e4 ehdoissa mainituille henkil\u00f6ille ilman suostumustasi tai pyynt\u00f6\u00e4si, paitsi jos laki velvoittaa meit\u00e4 siihen.<\/p>\n<p><strong>Kuinka kauan s\u00e4ilyt\u00e4mme tietojasi?<\/strong><\/p>\n<p>S\u00e4ilyt\u00e4mme henkil\u00f6tietojasi niin kauan kuin tarvitsemme niit\u00e4 sopimuksen t\u00e4ytt\u00e4miseksi ja sen j\u00e4lkeen niin kauan kuin sopimussuhteestamme voi aiheutua uusia vaatimuksia tai niin kauan kuin meit\u00e4 vaaditaan s\u00e4ilytt\u00e4m\u00e4\u00e4n ne (yleens\u00e4 enint\u00e4\u00e4n 3 vuotta sopimuksen p\u00e4\u00e4ttymisen j\u00e4lkeen). Jos haluat lis\u00e4tietoja henkil\u00f6tietojesi s\u00e4ilytt\u00e4misest\u00e4, ota meihin yhteytt\u00e4 alla olevilla yhteystiedoilla.<\/p>\n<p><strong>Mitk\u00e4 ovat oikeutesi?<\/strong><\/p>\n<p>Sinulla on aina oikeus ottaa meihin yhteytt\u00e4 saadaksesi tutustua itse\u00e4si koskeviin henkil\u00f6tietoihin ja tiet\u00e4\u00e4, mit\u00e4 tietoja k\u00e4sittelemme, mihin tarkoituksiin ja miten k\u00e4sittelemme niit\u00e4, pyyt\u00e4\u00e4 virheellisten tietojen oikaisemista, tarpeettomien tietojen poistamista ja perustelluissa tapauksissa rajoittaa tietojesi k\u00e4sittely\u00e4 tai esitt\u00e4\u00e4 muita vastalauseita. Jos olet antanut meille suostumuksesi henkil\u00f6tietojesi k\u00e4sittelyyn tietty\u00e4 tarkoitusta varten, sinulla on oikeus peruuttaa suostumuksesi milloin tahansa, ja me lopetamme v\u00e4litt\u00f6m\u00e4sti kyseiset toimet, ellei meill\u00e4 ole muuta oikeusperustaa tietojesi k\u00e4sittelylle. Voit milloin tahansa kielt\u00e4yty\u00e4 vastaanottamasta uutiskirjeit\u00e4, tarjouksia, muistutuksia ja muita myynninedist\u00e4mistarkoituksessa l\u00e4hetett\u00e4vi\u00e4 viestej\u00e4 noudattamalla viesteihin sis\u00e4ltyvi\u00e4 ohjeita. Sinulla on my\u00f6s oikeus pyynn\u00f6st\u00e4si saada koneluettavat versiot meille antamistasi henkil\u00f6tiedoista ja pyyt\u00e4\u00e4 niiden siirt\u00e4mist\u00e4 toiselle organisaatiolle.<\/p>\n<p>Pyynt\u00f6\u00e4 varten ota yhteytt\u00e4 Natura Group Ltd:hen alla olevilla yhteystiedoilla. Jos sinulla on valitus siit\u00e4, miten k\u00e4yt\u00e4mme tietojasi, sinulla on oikeus tehd\u00e4 valitus tietosuojavaltuutetulle.<\/p>\n<p><strong>Muutokset ehtoihin.<\/strong><\/p>\n<p>Natura Group O\u00dc voi muuttaa n\u00e4it\u00e4 Ehtoja oman harkintansa mukaan julkaisemalla muutoksen osoitteessa <a href=\"http:\/\/www.naturagroup.eu\">www.naturagroup.eu<\/a>. Voimassa olevat ehdot ovat aina saatavilla verkkosivuillamme. Sinulla on oikeus milloin tahansa vastustaa henkil\u00f6tietojesi k\u00e4sittely\u00e4 oikeutetun etumme perusteella.<\/p>\n<p><strong>Jos sinulla on kysymyksi\u00e4 tai valituksia, ota meihin yhteytt\u00e4:<\/strong><\/p>\n<p>Natura Group O\u00dc<br \/>\nOta yhteytt\u00e4 Natura Group Group Oy:\u00f6\u00f6n osoitteessa Kaarlin pst 11-44, Talinn.<br \/>\n10119, Viro<br \/>\n<a href=\"http:\/\/www.naturagroup.eu\">www.naturagroup.eu<\/a><br \/>\n<a href=\"mailto:info.naturagroup@gmail.com\">info.naturagroup@gmail.com<\/a><\/p>\n\n\t\t<\/div>\n\t<\/div>\n<\/div><\/div><\/div><\/div><\/div><\/section>\n","protected":false},"excerpt":{"rendered":"Tietosuojak\u00e4yt\u00e4nt\u00f6 Tietosuojaseloste \/ Henkil\u00f6tietojen k\u00e4sittelyn yleiset s\u00e4\u00e4nn\u00f6t ja ehdot Natura Group O\u00fc on sitoutunut suojelemaan asiakkaidensa ja k\u00e4ytt\u00e4jiens\u00e4 yksityisyytt\u00e4. Sen mukaisesti olemme laatineet t\u00e4m\u00e4n tietosuojak\u00e4yt\u00e4nn\u00f6n, joka kattaa asiakastietojen ker\u00e4\u00e4misen, k\u00e4yt\u00f6n, luovuttamisen, siirron ja s\u00e4ilytt\u00e4misen. Toimintamme Internetiss\u00e4 noudattaa kaikkia asiaankuuluvia k\u00e4yt\u00e4nt\u00f6j\u00e4 ja asiaankuuluvaa Euroopan unionin lains\u00e4\u00e4d\u00e4nt\u00f6\u00e4 sek\u00e4 Viron tasavallan lakeja. Natura Group O\u00dc on laatinut n\u00e4m\u00e4...","protected":false},"author":5,"featured_media":0,"parent":0,"menu_order":0,"comment_status":"closed","ping_status":"closed","template":"","meta":{"inline_featured_image":false,"footnotes":""},"class_list":["post-1542","page","type-page","status-publish","hentry"],"yoast_head":"<!-- This site is optimized with the Yoast SEO plugin v23.6 - https:\/\/yoast.com\/wordpress\/plugins\/seo\/ -->\n<title>Tietosuojak\u00e4yt\u00e4nt\u00f6 - Natura Group<\/title>\n<meta name=\"robots\" content=\"index, follow, max-snippet:-1, max-image-preview:large, max-video-preview:-1\" \/>\n<link rel=\"canonical\" href=\"https:\/\/naturagroup.eu\/fi\/privacy-policy\/\" \/>\n<meta property=\"og:locale\" content=\"fi_FI\" \/>\n<meta property=\"og:type\" content=\"article\" \/>\n<meta property=\"og:title\" content=\"Tietosuojak\u00e4yt\u00e4nt\u00f6 - Natura Group\" \/>\n<meta property=\"og:url\" content=\"https:\/\/naturagroup.eu\/fi\/privacy-policy\/\" \/>\n<meta property=\"og:site_name\" content=\"Natura Group\" \/>\n<meta property=\"article:modified_time\" content=\"2024-05-24T07:36:43+00:00\" \/>\n<meta name=\"twitter:card\" content=\"summary_large_image\" \/>\n<meta name=\"twitter:label1\" content=\"Arvioitu lukuaika\" \/>\n\t<meta name=\"twitter:data1\" content=\"5 minuuttia\" \/>\n<script type=\"application\/ld+json\" class=\"yoast-schema-graph\">{\"@context\":\"https:\/\/schema.org\",\"@graph\":[{\"@type\":\"WebPage\",\"@id\":\"https:\/\/naturagroup.eu\/fi\/privacy-policy\/\",\"url\":\"https:\/\/naturagroup.eu\/fi\/privacy-policy\/\",\"name\":\"Tietosuojak\u00e4yt\u00e4nt\u00f6 - Natura Group\",\"isPartOf\":{\"@id\":\"https:\/\/naturagroup.eu\/fi\/#website\"},\"datePublished\":\"2018-12-09T14:05:43+00:00\",\"dateModified\":\"2024-05-24T07:36:43+00:00\",\"breadcrumb\":{\"@id\":\"https:\/\/naturagroup.eu\/fi\/privacy-policy\/#breadcrumb\"},\"inLanguage\":\"fi\",\"potentialAction\":[{\"@type\":\"ReadAction\",\"target\":[\"https:\/\/naturagroup.eu\/fi\/privacy-policy\/\"]}]},{\"@type\":\"BreadcrumbList\",\"@id\":\"https:\/\/naturagroup.eu\/fi\/privacy-policy\/#breadcrumb\",\"itemListElement\":[{\"@type\":\"ListItem\",\"position\":1,\"name\":\"Home\",\"item\":\"https:\/\/naturagroup.eu\/fi\/\"},{\"@type\":\"ListItem\",\"position\":2,\"name\":\"Tietosuojak\u00e4yt\u00e4nt\u00f6\"}]},{\"@type\":\"WebSite\",\"@id\":\"https:\/\/naturagroup.eu\/fi\/#website\",\"url\":\"https:\/\/naturagroup.eu\/fi\/\",\"name\":\"Natura Group\",\"description\":\"Natura Group is established in 2016 and we provide eco-friendly and biodegradable food packing as plates, bowls, cutlery.\",\"publisher\":{\"@id\":\"https:\/\/naturagroup.eu\/fi\/#organization\"},\"potentialAction\":[{\"@type\":\"SearchAction\",\"target\":{\"@type\":\"EntryPoint\",\"urlTemplate\":\"https:\/\/naturagroup.eu\/fi\/?s={search_term_string}\"},\"query-input\":{\"@type\":\"PropertyValueSpecification\",\"valueRequired\":true,\"valueName\":\"search_term_string\"}}],\"inLanguage\":\"fi\"},{\"@type\":\"Organization\",\"@id\":\"https:\/\/naturagroup.eu\/fi\/#organization\",\"name\":\"Natura Group O\u00dc\",\"url\":\"https:\/\/naturagroup.eu\/fi\/\",\"logo\":{\"@type\":\"ImageObject\",\"inLanguage\":\"fi\",\"@id\":\"https:\/\/naturagroup.eu\/fi\/#\/schema\/logo\/image\/\",\"url\":\"https:\/\/naturagroup.eu\/wp-content\/uploads\/2018\/11\/natura-dark-text.png\",\"contentUrl\":\"https:\/\/naturagroup.eu\/wp-content\/uploads\/2018\/11\/natura-dark-text.png\",\"width\":874,\"height\":960,\"caption\":\"Natura Group O\u00dc\"},\"image\":{\"@id\":\"https:\/\/naturagroup.eu\/fi\/#\/schema\/logo\/image\/\"}}]}<\/script>\n<!-- \/ Yoast SEO plugin. -->","yoast_head_json":{"title":"Tietosuojak\u00e4yt\u00e4nt\u00f6 - Natura Group","robots":{"index":"index","follow":"follow","max-snippet":"max-snippet:-1","max-image-preview":"max-image-preview:large","max-video-preview":"max-video-preview:-1"},"canonical":"https:\/\/naturagroup.eu\/fi\/privacy-policy\/","og_locale":"fi_FI","og_type":"article","og_title":"Tietosuojak\u00e4yt\u00e4nt\u00f6 - Natura Group","og_url":"https:\/\/naturagroup.eu\/fi\/privacy-policy\/","og_site_name":"Natura Group","article_modified_time":"2024-05-24T07:36:43+00:00","twitter_card":"summary_large_image","twitter_misc":{"Arvioitu lukuaika":"5 minuuttia"},"schema":{"@context":"https:\/\/schema.org","@graph":[{"@type":"WebPage","@id":"https:\/\/naturagroup.eu\/fi\/privacy-policy\/","url":"https:\/\/naturagroup.eu\/fi\/privacy-policy\/","name":"Tietosuojak\u00e4yt\u00e4nt\u00f6 - Natura Group","isPartOf":{"@id":"https:\/\/naturagroup.eu\/fi\/#website"},"datePublished":"2018-12-09T14:05:43+00:00","dateModified":"2024-05-24T07:36:43+00:00","breadcrumb":{"@id":"https:\/\/naturagroup.eu\/fi\/privacy-policy\/#breadcrumb"},"inLanguage":"fi","potentialAction":[{"@type":"ReadAction","target":["https:\/\/naturagroup.eu\/fi\/privacy-policy\/"]}]},{"@type":"BreadcrumbList","@id":"https:\/\/naturagroup.eu\/fi\/privacy-policy\/#breadcrumb","itemListElement":[{"@type":"ListItem","position":1,"name":"Home","item":"https:\/\/naturagroup.eu\/fi\/"},{"@type":"ListItem","position":2,"name":"Tietosuojak\u00e4yt\u00e4nt\u00f6"}]},{"@type":"WebSite","@id":"https:\/\/naturagroup.eu\/fi\/#website","url":"https:\/\/naturagroup.eu\/fi\/","name":"Natura Group","description":"Natura Group is established in 2016 and we provide eco-friendly and biodegradable food packing as plates, bowls, cutlery.","publisher":{"@id":"https:\/\/naturagroup.eu\/fi\/#organization"},"potentialAction":[{"@type":"SearchAction","target":{"@type":"EntryPoint","urlTemplate":"https:\/\/naturagroup.eu\/fi\/?s={search_term_string}"},"query-input":{"@type":"PropertyValueSpecification","valueRequired":true,"valueName":"search_term_string"}}],"inLanguage":"fi"},{"@type":"Organization","@id":"https:\/\/naturagroup.eu\/fi\/#organization","name":"Natura Group O\u00dc","url":"https:\/\/naturagroup.eu\/fi\/","logo":{"@type":"ImageObject","inLanguage":"fi","@id":"https:\/\/naturagroup.eu\/fi\/#\/schema\/logo\/image\/","url":"https:\/\/naturagroup.eu\/wp-content\/uploads\/2018\/11\/natura-dark-text.png","contentUrl":"https:\/\/naturagroup.eu\/wp-content\/uploads\/2018\/11\/natura-dark-text.png","width":874,"height":960,"caption":"Natura Group O\u00dc"},"image":{"@id":"https:\/\/naturagroup.eu\/fi\/#\/schema\/logo\/image\/"}}]}},"_links":{"self":[{"href":"https:\/\/naturagroup.eu\/fi\/wp-json\/wp\/v2\/pages\/1542","targetHints":{"allow":["GET"]}}],"collection":[{"href":"https:\/\/naturagroup.eu\/fi\/wp-json\/wp\/v2\/pages"}],"about":[{"href":"https:\/\/naturagroup.eu\/fi\/wp-json\/wp\/v2\/types\/page"}],"author":[{"embeddable":true,"href":"https:\/\/naturagroup.eu\/fi\/wp-json\/wp\/v2\/users\/5"}],"replies":[{"embeddable":true,"href":"https:\/\/naturagroup.eu\/fi\/wp-json\/wp\/v2\/comments?post=1542"}],"version-history":[{"count":3,"href":"https:\/\/naturagroup.eu\/fi\/wp-json\/wp\/v2\/pages\/1542\/revisions"}],"predecessor-version":[{"id":1977,"href":"https:\/\/naturagroup.eu\/fi\/wp-json\/wp\/v2\/pages\/1542\/revisions\/1977"}],"wp:attachment":[{"href":"https:\/\/naturagroup.eu\/fi\/wp-json\/wp\/v2\/media?parent=1542"}],"curies":[{"name":"wp","href":"https:\/\/api.w.org\/{rel}","templated":true}]}}