{"id":1809,"date":"2021-03-10T16:41:00","date_gmt":"2021-03-10T16:41:57","guid":{"rendered":"https:\/\/naturagroup.eu\/?post_type=product&#038;p=1809"},"modified":"2024-05-22T10:04:41","modified_gmt":"2024-05-22T10:04:41","slug":"puramiid-kauss-330ml","status":"publish","type":"product","link":"https:\/\/naturagroup.eu\/et\/toode\/puramiid-kauss-330ml\/","title":{"rendered":"P\u00fcramiid kauss 330ml 16x16cm"},"content":{"rendered":"","protected":false},"excerpt":{"rendered":"<p>10tk pakis.<\/p>\n<p>Suuremate koguste korral palun v\u00f5tke \u00fchendust.<\/p>\n","protected":false},"featured_media":1792,"template":"","meta":{"inline_featured_image":false},"product_cat":[61],"product_tag":[],"class_list":{"0":"post-1809","1":"product","2":"type-product","3":"status-publish","4":"has-post-thumbnail","6":"product_cat-palmilehe-taldrikud","8":"first","9":"instock","10":"taxable","11":"shipping-taxable","12":"purchasable","13":"product-type-simple"},"yoast_head":"<!-- This site is optimized with the Yoast SEO plugin v23.6 - https:\/\/yoast.com\/wordpress\/plugins\/seo\/ -->\n<title>P\u00fcramiid kauss 330ml 16x16cm - Natura Group<\/title>\n<meta name=\"robots\" content=\"index, follow, max-snippet:-1, max-image-preview:large, max-video-preview:-1\" \/>\n<link rel=\"canonical\" href=\"https:\/\/naturagroup.eu\/et\/toode\/puramiid-kauss-330ml\/\" \/>\n<meta property=\"og:locale\" content=\"et_EE\" \/>\n<meta property=\"og:type\" content=\"article\" \/>\n<meta property=\"og:title\" content=\"P\u00fcramiid kauss 330ml 16x16cm - Natura Group\" \/>\n<meta property=\"og:description\" content=\"10tk pakis.  Suuremate koguste korral palun v\u00f5tke \u00fchendust.\" \/>\n<meta property=\"og:url\" content=\"https:\/\/naturagroup.eu\/et\/toode\/puramiid-kauss-330ml\/\" \/>\n<meta property=\"og:site_name\" content=\"Natura Group\" \/>\n<meta property=\"article:modified_time\" content=\"2024-05-22T10:04:41+00:00\" \/>\n<meta property=\"og:image\" content=\"https:\/\/naturagroup.eu\/wp-content\/uploads\/2021\/03\/SUUR-1-ok.jpg\" \/>\n\t<meta property=\"og:image:width\" content=\"1600\" \/>\n\t<meta property=\"og:image:height\" content=\"1600\" \/>\n\t<meta property=\"og:image:type\" content=\"image\/jpeg\" \/>\n<meta name=\"twitter:card\" content=\"summary_large_image\" \/>\n<meta name=\"twitter:label1\" content=\"Est. reading time\" \/>\n\t<meta name=\"twitter:data1\" content=\"1 minut\" \/>\n<script type=\"application\/ld+json\" class=\"yoast-schema-graph\">{\"@context\":\"https:\/\/schema.org\",\"@graph\":[{\"@type\":\"WebPage\",\"@id\":\"https:\/\/naturagroup.eu\/et\/toode\/puramiid-kauss-330ml\/\",\"url\":\"https:\/\/naturagroup.eu\/et\/toode\/puramiid-kauss-330ml\/\",\"name\":\"P\u00fcramiid kauss 330ml 16x16cm - Natura Group\",\"isPartOf\":{\"@id\":\"https:\/\/naturagroup.eu\/et\/#website\"},\"primaryImageOfPage\":{\"@id\":\"https:\/\/naturagroup.eu\/et\/toode\/puramiid-kauss-330ml\/#primaryimage\"},\"image\":{\"@id\":\"https:\/\/naturagroup.eu\/et\/toode\/puramiid-kauss-330ml\/#primaryimage\"},\"thumbnailUrl\":\"https:\/\/naturagroup.eu\/wp-content\/uploads\/2021\/03\/SUUR-1-ok.jpg\",\"datePublished\":\"2021-03-10T16:41:57+00:00\",\"dateModified\":\"2024-05-22T10:04:41+00:00\",\"breadcrumb\":{\"@id\":\"https:\/\/naturagroup.eu\/et\/toode\/puramiid-kauss-330ml\/#breadcrumb\"},\"inLanguage\":\"et\",\"potentialAction\":[{\"@type\":\"ReadAction\",\"target\":[\"https:\/\/naturagroup.eu\/et\/toode\/puramiid-kauss-330ml\/\"]}]},{\"@type\":\"ImageObject\",\"inLanguage\":\"et\",\"@id\":\"https:\/\/naturagroup.eu\/et\/toode\/puramiid-kauss-330ml\/#primaryimage\",\"url\":\"https:\/\/naturagroup.eu\/wp-content\/uploads\/2021\/03\/SUUR-1-ok.jpg\",\"contentUrl\":\"https:\/\/naturagroup.eu\/wp-content\/uploads\/2021\/03\/SUUR-1-ok.jpg\",\"width\":1600,\"height\":1600},{\"@type\":\"BreadcrumbList\",\"@id\":\"https:\/\/naturagroup.eu\/et\/toode\/puramiid-kauss-330ml\/#breadcrumb\",\"itemListElement\":[{\"@type\":\"ListItem\",\"position\":1,\"name\":\"Home\",\"item\":\"https:\/\/naturagroup.eu\/et\/\"},{\"@type\":\"ListItem\",\"position\":2,\"name\":\"Pood\",\"item\":\"https:\/\/naturagroup.eu\/et\/pood\/\"},{\"@type\":\"ListItem\",\"position\":3,\"name\":\"P\u00fcramiid kauss 330ml 16x16cm\"}]},{\"@type\":\"WebSite\",\"@id\":\"https:\/\/naturagroup.eu\/et\/#website\",\"url\":\"https:\/\/naturagroup.eu\/et\/\",\"name\":\"Natura Group\",\"description\":\"Natura Group is established in 2016 and we provide eco-friendly and biodegradable food packing as plates, bowls, cutlery.\",\"publisher\":{\"@id\":\"https:\/\/naturagroup.eu\/et\/#organization\"},\"potentialAction\":[{\"@type\":\"SearchAction\",\"target\":{\"@type\":\"EntryPoint\",\"urlTemplate\":\"https:\/\/naturagroup.eu\/et\/?s={search_term_string}\"},\"query-input\":{\"@type\":\"PropertyValueSpecification\",\"valueRequired\":true,\"valueName\":\"search_term_string\"}}],\"inLanguage\":\"et\"},{\"@type\":\"Organization\",\"@id\":\"https:\/\/naturagroup.eu\/et\/#organization\",\"name\":\"Natura Group O\u00dc\",\"url\":\"https:\/\/naturagroup.eu\/et\/\",\"logo\":{\"@type\":\"ImageObject\",\"inLanguage\":\"et\",\"@id\":\"https:\/\/naturagroup.eu\/et\/#\/schema\/logo\/image\/\",\"url\":\"https:\/\/naturagroup.eu\/wp-content\/uploads\/2018\/11\/natura-dark-text.png\",\"contentUrl\":\"https:\/\/naturagroup.eu\/wp-content\/uploads\/2018\/11\/natura-dark-text.png\",\"width\":874,\"height\":960,\"caption\":\"Natura Group O\u00dc\"},\"image\":{\"@id\":\"https:\/\/naturagroup.eu\/et\/#\/schema\/logo\/image\/\"}}]}<\/script>\n<!-- \/ Yoast SEO plugin. -->","yoast_head_json":{"title":"P\u00fcramiid kauss 330ml 16x16cm - Natura Group","robots":{"index":"index","follow":"follow","max-snippet":"max-snippet:-1","max-image-preview":"max-image-preview:large","max-video-preview":"max-video-preview:-1"},"canonical":"https:\/\/naturagroup.eu\/et\/toode\/puramiid-kauss-330ml\/","og_locale":"et_EE","og_type":"article","og_title":"P\u00fcramiid kauss 330ml 16x16cm - Natura Group","og_description":"10tk pakis.  Suuremate koguste korral palun v\u00f5tke \u00fchendust.","og_url":"https:\/\/naturagroup.eu\/et\/toode\/puramiid-kauss-330ml\/","og_site_name":"Natura Group","article_modified_time":"2024-05-22T10:04:41+00:00","og_image":[{"width":1600,"height":1600,"url":"https:\/\/naturagroup.eu\/wp-content\/uploads\/2021\/03\/SUUR-1-ok.jpg","type":"image\/jpeg"}],"twitter_card":"summary_large_image","twitter_misc":{"Est. reading time":"1 minut"},"schema":{"@context":"https:\/\/schema.org","@graph":[{"@type":"WebPage","@id":"https:\/\/naturagroup.eu\/et\/toode\/puramiid-kauss-330ml\/","url":"https:\/\/naturagroup.eu\/et\/toode\/puramiid-kauss-330ml\/","name":"P\u00fcramiid kauss 330ml 16x16cm - Natura Group","isPartOf":{"@id":"https:\/\/naturagroup.eu\/et\/#website"},"primaryImageOfPage":{"@id":"https:\/\/naturagroup.eu\/et\/toode\/puramiid-kauss-330ml\/#primaryimage"},"image":{"@id":"https:\/\/naturagroup.eu\/et\/toode\/puramiid-kauss-330ml\/#primaryimage"},"thumbnailUrl":"https:\/\/naturagroup.eu\/wp-content\/uploads\/2021\/03\/SUUR-1-ok.jpg","datePublished":"2021-03-10T16:41:57+00:00","dateModified":"2024-05-22T10:04:41+00:00","breadcrumb":{"@id":"https:\/\/naturagroup.eu\/et\/toode\/puramiid-kauss-330ml\/#breadcrumb"},"inLanguage":"et","potentialAction":[{"@type":"ReadAction","target":["https:\/\/naturagroup.eu\/et\/toode\/puramiid-kauss-330ml\/"]}]},{"@type":"ImageObject","inLanguage":"et","@id":"https:\/\/naturagroup.eu\/et\/toode\/puramiid-kauss-330ml\/#primaryimage","url":"https:\/\/naturagroup.eu\/wp-content\/uploads\/2021\/03\/SUUR-1-ok.jpg","contentUrl":"https:\/\/naturagroup.eu\/wp-content\/uploads\/2021\/03\/SUUR-1-ok.jpg","width":1600,"height":1600},{"@type":"BreadcrumbList","@id":"https:\/\/naturagroup.eu\/et\/toode\/puramiid-kauss-330ml\/#breadcrumb","itemListElement":[{"@type":"ListItem","position":1,"name":"Home","item":"https:\/\/naturagroup.eu\/et\/"},{"@type":"ListItem","position":2,"name":"Pood","item":"https:\/\/naturagroup.eu\/et\/pood\/"},{"@type":"ListItem","position":3,"name":"P\u00fcramiid kauss 330ml 16x16cm"}]},{"@type":"WebSite","@id":"https:\/\/naturagroup.eu\/et\/#website","url":"https:\/\/naturagroup.eu\/et\/","name":"Natura Group","description":"Natura Group is established in 2016 and we provide eco-friendly and biodegradable food packing as plates, bowls, cutlery.","publisher":{"@id":"https:\/\/naturagroup.eu\/et\/#organization"},"potentialAction":[{"@type":"SearchAction","target":{"@type":"EntryPoint","urlTemplate":"https:\/\/naturagroup.eu\/et\/?s={search_term_string}"},"query-input":{"@type":"PropertyValueSpecification","valueRequired":true,"valueName":"search_term_string"}}],"inLanguage":"et"},{"@type":"Organization","@id":"https:\/\/naturagroup.eu\/et\/#organization","name":"Natura Group O\u00dc","url":"https:\/\/naturagroup.eu\/et\/","logo":{"@type":"ImageObject","inLanguage":"et","@id":"https:\/\/naturagroup.eu\/et\/#\/schema\/logo\/image\/","url":"https:\/\/naturagroup.eu\/wp-content\/uploads\/2018\/11\/natura-dark-text.png","contentUrl":"https:\/\/naturagroup.eu\/wp-content\/uploads\/2018\/11\/natura-dark-text.png","width":874,"height":960,"caption":"Natura Group O\u00dc"},"image":{"@id":"https:\/\/naturagroup.eu\/et\/#\/schema\/logo\/image\/"}}]}},"_links":{"self":[{"href":"https:\/\/naturagroup.eu\/et\/wp-json\/wp\/v2\/product\/1809","targetHints":{"allow":["GET"]}}],"collection":[{"href":"https:\/\/naturagroup.eu\/et\/wp-json\/wp\/v2\/product"}],"about":[{"href":"https:\/\/naturagroup.eu\/et\/wp-json\/wp\/v2\/types\/product"}],"wp:featuredmedia":[{"embeddable":true,"href":"https:\/\/naturagroup.eu\/et\/wp-json\/wp\/v2\/media\/1792"}],"wp:attachment":[{"href":"https:\/\/naturagroup.eu\/et\/wp-json\/wp\/v2\/media?parent=1809"}],"wp:term":[{"taxonomy":"product_cat","embeddable":true,"href":"https:\/\/naturagroup.eu\/et\/wp-json\/wp\/v2\/product_cat?post=1809"},{"taxonomy":"product_tag","embeddable":true,"href":"https:\/\/naturagroup.eu\/et\/wp-json\/wp\/v2\/product_tag?post=1809"}],"curies":[{"name":"wp","href":"https:\/\/api.w.org\/{rel}","templated":true}]}}