{"id":1520,"date":"2018-11-21T16:22:31","date_gmt":"2018-12-19T18:32:31","guid":{"rendered":"https:\/\/naturagroup.eu\/?post_type=product&#038;p=1520"},"modified":"2019-01-31T09:59:39","modified_gmt":"2019-01-31T09:59:39","slug":"kookoslusikas","status":"publish","type":"product","link":"https:\/\/naturagroup.eu\/et\/toode\/kookoslusikas\/","title":{"rendered":"Kookoslusikas"},"content":{"rendered":"","protected":false},"excerpt":{"rendered":"<p>Need puidust lusikad on k\u00e4sitsi valmistatud kookosepuidust. Iga lusikas l\u00f5igatakse, lihvitakse ja puhastatakse ning viimistletakse l\u00f5puks kookos\u00f5liga. Iga lusikas on unikaalne, t\u00e4iesti oma v\u00e4rvi ning mustriga.<\/p>\n<ul>\n<li>100% looduslik kookospalmi puit<\/li>\n<li>K\u00e4sitsi tehtud<\/li>\n<li>\u00d5iglane kaubandus (Fairtrade) \u2013 sertifikaat taotletud<\/li>\n<li>Vastupidav<\/li>\n<li>Ei ole kasutatud kunstlikke liime ega lakke<\/li>\n<li>Keskmine pikkus: 16 cm<\/li>\n<\/ul>\n<p>Suuremate koguste korral palun v\u00f5tke \u00fchendust.<\/p>\n","protected":false},"featured_media":1522,"template":"","meta":{"inline_featured_image":false},"product_cat":[59],"product_tag":[],"class_list":{"0":"post-1520","1":"product","2":"type-product","3":"status-publish","4":"has-post-thumbnail","6":"product_cat-puidust-soogiriistad","8":"first","9":"instock","10":"taxable","11":"shipping-taxable","12":"purchasable","13":"product-type-simple"},"yoast_head":"<!-- This site is optimized with the Yoast SEO plugin v23.6 - https:\/\/yoast.com\/wordpress\/plugins\/seo\/ -->\n<title>Kookoslusikas - Natura Group<\/title>\n<meta name=\"robots\" content=\"index, follow, max-snippet:-1, max-image-preview:large, max-video-preview:-1\" \/>\n<link rel=\"canonical\" href=\"https:\/\/naturagroup.eu\/et\/toode\/kookoslusikas\/\" \/>\n<meta property=\"og:locale\" content=\"et_EE\" \/>\n<meta property=\"og:type\" content=\"article\" \/>\n<meta property=\"og:title\" content=\"Kookoslusikas - Natura Group\" \/>\n<meta property=\"og:description\" content=\"Need puidust lusikad on k\u00e4sitsi valmistatud kookosepuidust. Iga lusikas l\u00f5igatakse, lihvitakse ja puhastatakse ning viimistletakse l\u00f5puks kookos\u00f5liga. Iga lusikas on unikaalne, t\u00e4iesti oma v\u00e4rvi ning mustriga.100% looduslik kookospalmi puitK\u00e4sitsi tehtud\u00d5iglane kaubandus (Fairtrade) \u2013 sertifikaat taotletudVastupidavEi ole kasutatud kunstlikke liime ega lakkeKeskmine pikkus: 16 cmSuuremate koguste korral palun v\u00f5tke \u00fchendust.\" \/>\n<meta property=\"og:url\" content=\"https:\/\/naturagroup.eu\/et\/toode\/kookoslusikas\/\" \/>\n<meta property=\"og:site_name\" content=\"Natura Group\" \/>\n<meta property=\"article:modified_time\" content=\"2019-01-31T09:59:39+00:00\" \/>\n<meta property=\"og:image\" content=\"https:\/\/naturagroup.eu\/wp-content\/uploads\/2018\/12\/Kookospuidust-lusikad.png\" \/>\n\t<meta property=\"og:image:width\" content=\"800\" \/>\n\t<meta property=\"og:image:height\" content=\"800\" \/>\n\t<meta property=\"og:image:type\" content=\"image\/png\" \/>\n<meta name=\"twitter:card\" content=\"summary_large_image\" \/>\n<script type=\"application\/ld+json\" class=\"yoast-schema-graph\">{\"@context\":\"https:\/\/schema.org\",\"@graph\":[{\"@type\":\"WebPage\",\"@id\":\"https:\/\/naturagroup.eu\/et\/toode\/kookoslusikas\/\",\"url\":\"https:\/\/naturagroup.eu\/et\/toode\/kookoslusikas\/\",\"name\":\"Kookoslusikas - Natura Group\",\"isPartOf\":{\"@id\":\"https:\/\/naturagroup.eu\/et\/#website\"},\"primaryImageOfPage\":{\"@id\":\"https:\/\/naturagroup.eu\/et\/toode\/kookoslusikas\/#primaryimage\"},\"image\":{\"@id\":\"https:\/\/naturagroup.eu\/et\/toode\/kookoslusikas\/#primaryimage\"},\"thumbnailUrl\":\"https:\/\/naturagroup.eu\/wp-content\/uploads\/2018\/12\/Kookospuidust-lusikad.png\",\"datePublished\":\"2018-12-19T18:32:31+00:00\",\"dateModified\":\"2019-01-31T09:59:39+00:00\",\"breadcrumb\":{\"@id\":\"https:\/\/naturagroup.eu\/et\/toode\/kookoslusikas\/#breadcrumb\"},\"inLanguage\":\"et\",\"potentialAction\":[{\"@type\":\"ReadAction\",\"target\":[\"https:\/\/naturagroup.eu\/et\/toode\/kookoslusikas\/\"]}]},{\"@type\":\"ImageObject\",\"inLanguage\":\"et\",\"@id\":\"https:\/\/naturagroup.eu\/et\/toode\/kookoslusikas\/#primaryimage\",\"url\":\"https:\/\/naturagroup.eu\/wp-content\/uploads\/2018\/12\/Kookospuidust-lusikad.png\",\"contentUrl\":\"https:\/\/naturagroup.eu\/wp-content\/uploads\/2018\/12\/Kookospuidust-lusikad.png\",\"width\":800,\"height\":800},{\"@type\":\"BreadcrumbList\",\"@id\":\"https:\/\/naturagroup.eu\/et\/toode\/kookoslusikas\/#breadcrumb\",\"itemListElement\":[{\"@type\":\"ListItem\",\"position\":1,\"name\":\"Home\",\"item\":\"https:\/\/naturagroup.eu\/et\/\"},{\"@type\":\"ListItem\",\"position\":2,\"name\":\"Pood\",\"item\":\"https:\/\/naturagroup.eu\/et\/pood\/\"},{\"@type\":\"ListItem\",\"position\":3,\"name\":\"Kookoslusikas\"}]},{\"@type\":\"WebSite\",\"@id\":\"https:\/\/naturagroup.eu\/et\/#website\",\"url\":\"https:\/\/naturagroup.eu\/et\/\",\"name\":\"Natura Group\",\"description\":\"Natura Group is established in 2016 and we provide eco-friendly and biodegradable food packing as plates, bowls, cutlery.\",\"publisher\":{\"@id\":\"https:\/\/naturagroup.eu\/et\/#organization\"},\"potentialAction\":[{\"@type\":\"SearchAction\",\"target\":{\"@type\":\"EntryPoint\",\"urlTemplate\":\"https:\/\/naturagroup.eu\/et\/?s={search_term_string}\"},\"query-input\":{\"@type\":\"PropertyValueSpecification\",\"valueRequired\":true,\"valueName\":\"search_term_string\"}}],\"inLanguage\":\"et\"},{\"@type\":\"Organization\",\"@id\":\"https:\/\/naturagroup.eu\/et\/#organization\",\"name\":\"Natura Group O\u00dc\",\"url\":\"https:\/\/naturagroup.eu\/et\/\",\"logo\":{\"@type\":\"ImageObject\",\"inLanguage\":\"et\",\"@id\":\"https:\/\/naturagroup.eu\/et\/#\/schema\/logo\/image\/\",\"url\":\"https:\/\/naturagroup.eu\/wp-content\/uploads\/2018\/11\/natura-dark-text.png\",\"contentUrl\":\"https:\/\/naturagroup.eu\/wp-content\/uploads\/2018\/11\/natura-dark-text.png\",\"width\":874,\"height\":960,\"caption\":\"Natura Group O\u00dc\"},\"image\":{\"@id\":\"https:\/\/naturagroup.eu\/et\/#\/schema\/logo\/image\/\"}}]}<\/script>\n<!-- \/ Yoast SEO plugin. -->","yoast_head_json":{"title":"Kookoslusikas - Natura Group","robots":{"index":"index","follow":"follow","max-snippet":"max-snippet:-1","max-image-preview":"max-image-preview:large","max-video-preview":"max-video-preview:-1"},"canonical":"https:\/\/naturagroup.eu\/et\/toode\/kookoslusikas\/","og_locale":"et_EE","og_type":"article","og_title":"Kookoslusikas - Natura Group","og_description":"Need puidust lusikad on k\u00e4sitsi valmistatud kookosepuidust. Iga lusikas l\u00f5igatakse, lihvitakse ja puhastatakse ning viimistletakse l\u00f5puks kookos\u00f5liga. Iga lusikas on unikaalne, t\u00e4iesti oma v\u00e4rvi ning mustriga.100% looduslik kookospalmi puitK\u00e4sitsi tehtud\u00d5iglane kaubandus (Fairtrade) \u2013 sertifikaat taotletudVastupidavEi ole kasutatud kunstlikke liime ega lakkeKeskmine pikkus: 16 cmSuuremate koguste korral palun v\u00f5tke \u00fchendust.","og_url":"https:\/\/naturagroup.eu\/et\/toode\/kookoslusikas\/","og_site_name":"Natura Group","article_modified_time":"2019-01-31T09:59:39+00:00","og_image":[{"width":800,"height":800,"url":"https:\/\/naturagroup.eu\/wp-content\/uploads\/2018\/12\/Kookospuidust-lusikad.png","type":"image\/png"}],"twitter_card":"summary_large_image","schema":{"@context":"https:\/\/schema.org","@graph":[{"@type":"WebPage","@id":"https:\/\/naturagroup.eu\/et\/toode\/kookoslusikas\/","url":"https:\/\/naturagroup.eu\/et\/toode\/kookoslusikas\/","name":"Kookoslusikas - Natura Group","isPartOf":{"@id":"https:\/\/naturagroup.eu\/et\/#website"},"primaryImageOfPage":{"@id":"https:\/\/naturagroup.eu\/et\/toode\/kookoslusikas\/#primaryimage"},"image":{"@id":"https:\/\/naturagroup.eu\/et\/toode\/kookoslusikas\/#primaryimage"},"thumbnailUrl":"https:\/\/naturagroup.eu\/wp-content\/uploads\/2018\/12\/Kookospuidust-lusikad.png","datePublished":"2018-12-19T18:32:31+00:00","dateModified":"2019-01-31T09:59:39+00:00","breadcrumb":{"@id":"https:\/\/naturagroup.eu\/et\/toode\/kookoslusikas\/#breadcrumb"},"inLanguage":"et","potentialAction":[{"@type":"ReadAction","target":["https:\/\/naturagroup.eu\/et\/toode\/kookoslusikas\/"]}]},{"@type":"ImageObject","inLanguage":"et","@id":"https:\/\/naturagroup.eu\/et\/toode\/kookoslusikas\/#primaryimage","url":"https:\/\/naturagroup.eu\/wp-content\/uploads\/2018\/12\/Kookospuidust-lusikad.png","contentUrl":"https:\/\/naturagroup.eu\/wp-content\/uploads\/2018\/12\/Kookospuidust-lusikad.png","width":800,"height":800},{"@type":"BreadcrumbList","@id":"https:\/\/naturagroup.eu\/et\/toode\/kookoslusikas\/#breadcrumb","itemListElement":[{"@type":"ListItem","position":1,"name":"Home","item":"https:\/\/naturagroup.eu\/et\/"},{"@type":"ListItem","position":2,"name":"Pood","item":"https:\/\/naturagroup.eu\/et\/pood\/"},{"@type":"ListItem","position":3,"name":"Kookoslusikas"}]},{"@type":"WebSite","@id":"https:\/\/naturagroup.eu\/et\/#website","url":"https:\/\/naturagroup.eu\/et\/","name":"Natura Group","description":"Natura Group is established in 2016 and we provide eco-friendly and biodegradable food packing as plates, bowls, cutlery.","publisher":{"@id":"https:\/\/naturagroup.eu\/et\/#organization"},"potentialAction":[{"@type":"SearchAction","target":{"@type":"EntryPoint","urlTemplate":"https:\/\/naturagroup.eu\/et\/?s={search_term_string}"},"query-input":{"@type":"PropertyValueSpecification","valueRequired":true,"valueName":"search_term_string"}}],"inLanguage":"et"},{"@type":"Organization","@id":"https:\/\/naturagroup.eu\/et\/#organization","name":"Natura Group O\u00dc","url":"https:\/\/naturagroup.eu\/et\/","logo":{"@type":"ImageObject","inLanguage":"et","@id":"https:\/\/naturagroup.eu\/et\/#\/schema\/logo\/image\/","url":"https:\/\/naturagroup.eu\/wp-content\/uploads\/2018\/11\/natura-dark-text.png","contentUrl":"https:\/\/naturagroup.eu\/wp-content\/uploads\/2018\/11\/natura-dark-text.png","width":874,"height":960,"caption":"Natura Group O\u00dc"},"image":{"@id":"https:\/\/naturagroup.eu\/et\/#\/schema\/logo\/image\/"}}]}},"_links":{"self":[{"href":"https:\/\/naturagroup.eu\/et\/wp-json\/wp\/v2\/product\/1520","targetHints":{"allow":["GET"]}}],"collection":[{"href":"https:\/\/naturagroup.eu\/et\/wp-json\/wp\/v2\/product"}],"about":[{"href":"https:\/\/naturagroup.eu\/et\/wp-json\/wp\/v2\/types\/product"}],"wp:featuredmedia":[{"embeddable":true,"href":"https:\/\/naturagroup.eu\/et\/wp-json\/wp\/v2\/media\/1522"}],"wp:attachment":[{"href":"https:\/\/naturagroup.eu\/et\/wp-json\/wp\/v2\/media?parent=1520"}],"wp:term":[{"taxonomy":"product_cat","embeddable":true,"href":"https:\/\/naturagroup.eu\/et\/wp-json\/wp\/v2\/product_cat?post=1520"},{"taxonomy":"product_tag","embeddable":true,"href":"https:\/\/naturagroup.eu\/et\/wp-json\/wp\/v2\/product_tag?post=1520"}],"curies":[{"name":"wp","href":"https:\/\/api.w.org\/{rel}","templated":true}]}}