{"id":1419,"date":"2018-12-09T14:05:43","date_gmt":"2018-12-09T14:05:43","guid":{"rendered":"https:\/\/naturagroup.eu\/privacy-policy\/"},"modified":"2019-01-22T06:58:44","modified_gmt":"2019-01-22T06:58:44","slug":"privaatsustingimused","status":"publish","type":"page","link":"https:\/\/naturagroup.eu\/et\/privaatsustingimused\/","title":{"rendered":"Privaatsustingimused"},"content":{"rendered":"<section class=\"l-section wpb_row height_medium with_img parallax_fixed with_overlay\"><div class=\"l-section-img\" style=\"background-image: url(https:\/\/naturagroup.eu\/wp-content\/uploads\/2018\/11\/unnamed-5.jpg);\" data-img-width=\"1600\" data-img-height=\"1020\"><\/div><div class=\"l-section-overlay\" style=\"background-color: rgba(255,255,255,0.92)\"><\/div><div class=\"l-section-h i-cf\"><div class=\"g-cols vc_row type_default valign_top\"><div class=\"vc_col-sm-12 wpb_column vc_column_container\"><div class=\"vc_column-inner\"><div class=\"wpb_wrapper\">\n\t<div class=\"wpb_text_column \">\n\t\t<div class=\"wpb_wrapper\">\n\t\t\t<h1 style=\"text-align: center;\">Privaatsustingimused<\/h1>\n\n\t\t<\/div>\n\t<\/div>\n<\/div><\/div><\/div><\/div><\/div><\/section><section class=\"l-section wpb_row height_medium\"><div class=\"l-section-h i-cf\"><div class=\"g-cols vc_row type_default valign_top\"><div class=\"vc_col-sm-12 wpb_column vc_column_container\"><div class=\"vc_column-inner\"><div class=\"wpb_wrapper\">\n\t<div class=\"wpb_text_column \">\n\t\t<div class=\"wpb_wrapper\">\n\t\t\t<div class=\"gmail-page-title\"><\/div>\n<div class=\"gmail-std\">\n<p><strong>Privaatsuspoliitika\/Isikuandmete t\u00f6\u00f6tlemise \u00fcldtingimused<\/strong><\/p>\n<p>Natura Group O\u00fc on v\u00f5tnud endale kohustuse kaitsta klientide ja kasutajate privaatsust. Sellest l\u00e4htuvalt oleme koostanud k\u00e4esolevad privaatsuspoliitika p\u00f5him\u00f5tted, mis k\u00e4sitlevad kliendi andmete kogumist, kasutamist, avaldamist, edastamist ja talletamist. Meie tegevus internetis on koosk\u00f5las k\u00f5igi asjakohaste tegevuste ja vastavate Euroopa Liidu \u00f5igusaktide ja Eesti Vabariigi seadustega.<\/p>\n<p>K\u00e4esolevad isikuandmete t\u00f6\u00f6tlemise \u00fcldtingimused on kehtestanud Natura Group O\u00dc ning neid tingimusi j\u00e4rgivad isikuandmete t\u00f6\u00f6tlemisel k\u00f5ik Natura group O\u00dc t\u00f6\u00f6tajad ja koost\u00f6\u00f6partnerid. Natura Group O\u00dc vastutab isikuandmete t\u00f6\u00f6tlemise korralduse ning k\u00e4esolevate tingimuste j\u00e4rgimise eest.<\/p>\n<\/div>\n<p>Natura Group O\u00dc on isikuandmete vastutav t\u00f6\u00f6tleja,\u00a0Natura Group O\u00dc edastab maksete teostamiseks vajalikud isikuandmed volitatud t\u00f6\u00f6tleja Maksekeskus AS-le.<\/p>\n<div class=\"gmail-std\">\n<p><strong>Millistel eesm\u00e4rkidel me isikuandmeid kogume ja t\u00f6\u00f6tleme?<\/strong><\/p>\n<p>Kogume ja kasutame Teie isikuandmeid<br \/>\n&#8211; Teiega m\u00fc\u00fcgilepingute s\u00f5lmimise ja tellimuste t\u00e4itmise eesm\u00e4rgil.<br \/>\n&#8211; Teie n\u00f5usolekul kasutame andmeid Teile\u00a0uudiskirjade, pakkumiste, meeldetuletuste, ja muude reklaamkirjade saatmiseks.<br \/>\n&#8211; V\u00f5ime kasutada Teie\u00a0isikuandmeid ka muudel eesm\u00e4rkidel vastavalt k\u00e4esolevates tingimustes kirjeldatule.<\/p>\n<p><strong>Milliseid andmeid me Teilt kogume ja milleks me neid kasutame?<\/strong><\/p>\n<p>Kogume Teiega m\u00fc\u00fcgilepingu\u00a0s\u00f5lmimise toimingute k\u00e4igus Teilt j\u00e4rgmisi isikuandmeid:<\/p>\n<p>ees- ja perekonnanimi,aadress, telefoninumber, e-post.<\/p>\n<p>Hilisema kliendisuhtluse ja tellimuste t\u00e4itmise k\u00e4igus salvestame ka Teie tellimuse kohta k\u00e4iva teabe (st\u00a0info Teie tellimuste, lepingute, maksete, saadetud kirjade ja teadete kohta jms).<\/p>\n<p>V\u00f5ime Teiega m\u00fc\u00fcgilepingu s\u00f5lmimise v\u00f5i lepingu t\u00e4itmise eesm\u00e4rgil Teie andmeid koguda, salvestada, s\u00e4ilitada, edastada, kasutada ja muul asjakohasel viisil t\u00f6\u00f6delda eelk\u00f5ige j\u00e4rgmiste toimingute tegemiseks:<\/p>\n<ul>\n<li>Teiega suhtlemine lepingu s\u00f5lmimiseks, lepinguga seotud informatsiooni edastamiseks ja seoses muude lepinguliste k\u00fcsimustega. N\u00e4iteks v\u00f5ime saata Teile teateid e-poe tellimuse valmimise kohta<\/li>\n<\/ul>\n<p>v\u00f5i arvete maksmise meeldetuletusi;<\/p>\n<ul>\n<li>Teile pakkumiste ja tooteinformatsiooni saatmine;<\/li>\n<li>Tellimuse t\u00e4itmiseks vajalike andmete edastamine koost\u00f6\u00f6partneritele (transpordi ja kuller teenuseid<br \/>\npakkuvad ettev\u00f5tted);<\/li>\n<li>arvete koostamine ja saatmine ning raamatupidamisdokumentide koostamine;<\/li>\n<li>riskide ennetamine ja v\u00e4ltimine, sealhulgas volitatud IT\u2010teenuse pakkujale arvutis\u00fcsteemi hooldamise, tehniliste probleemide lahendamise ja andmete turvalisuse tagamise eesm\u00e4rgil andmetele ligip\u00e4\u00e4su v\u00f5imaldamine;<\/li>\n<\/ul>\n<p><strong>Millal k\u00fcsime Teilt n\u00f5usolekut?<\/strong><\/p>\n<p>Kui soovime Teie andmeid t\u00f6\u00f6delda eesm\u00e4rgil, milleks meil ei ole lepingust ega seadusest tulenevat muud \u00f5iguslikku alust, k\u00fcsime Teilt n\u00f5usolekut.<\/p>\n<p>N\u00f5usoleku saamisel t\u00f6\u00f6tleme Teie andmeid vastava eesm\u00e4rgi ulatuses ja piirides.<\/p>\n<p>N\u00e4iteks v\u00f5ime Teilt n\u00f5usolekut k\u00fcsida j\u00e4rgmiste toimingute tegemiseks:<\/p>\n<ul>\n<li>Teile e-posti v\u00f5i telefoni teel oluliste meeldetuletuste saatmine e-poe tellimuste kohta;<\/li>\n<li>Teile e-posti v\u00f5i telefoni teel uudiskirjade, kaupade ja teenuste pakkumiste ning \u00f5nnitluste saatmine.<\/li>\n<li>Uudiskirjad ja pakkumised v\u00f5ivad sisalda pakkumisi Natura Group O\u00dc-lt, ning meie koost\u00f6\u00f6partneriteks olevatelt ettev\u00f5tetelt<\/li>\n<li>Lisaks eeltoodule v\u00f5ime Teilt n\u00f5usolekut k\u00fcsida ka Teie andmete muul viisil kasutamiseks.<\/li>\n<\/ul>\n<p>Teil on igal ajal \u00f5igus oma n\u00f5usolek tagasi v\u00f5tta, kirjutades aadressile <a href=\"mailto:info.naturagroup@gmail.com\">info.naturagroup@gmail.com<\/a> v\u00f5i p\u00f6\u00f6rdudes meie kauplustesse, ning me l\u00f5petame koheselt vastavad toimingud, kui meil pole andmete t\u00f6\u00f6tlemiseks muud \u00f5iguslikku alust.<\/p>\n<p><strong>Kuidas me Teie andmeid veel v\u00f5ime kasutada?<\/strong><\/p>\n<p>V\u00f5ime kasutada Teie andmeid ka alltoodud eesm\u00e4rkidel\u00a0ja viisil, muuhulgas, kui meil on selleks \u00f5igustatud huvi.<\/p>\n<p>\u00d5igustatud huvi alusel t\u00f6\u00f6tleme Teie isikuandmeid\u00a0alles p\u00e4rast nn 3-astmelise testi l\u00e4biviimist, millega tuvastame, et on olemas meie \u00f5igustatud huvi, et selle \u00f5igustatud huvi alusel Teie isikuandmete t\u00f6\u00f6tlemine on meie jaoks vajalik ning et t\u00f6\u00f6tlemine on vastavuses\u00a0Teie huvide ja \u00f5igustega.<\/p>\n<p>Teil on \u00f5igus igal ajal esitada vastuv\u00e4iteid enda isikuandmete t\u00f6\u00f6tlemisele meie\u00a0\u00f5igustatud huvi alusel.<\/p>\n<ul>\n<li>\u00a0V\u00f5ime oma \u00f5igustatud huvi alusel Teie isikuandmeid t\u00f6\u00f6delda seoses oma kliendibaasi haldamise ja<br \/>\nanal\u00fc\u00fcsiga turunduslikel v\u00f5i statistilistel eesm\u00e4rkidel.<\/li>\n<li>V\u00f5ime edastada Teie andmeid muudele isikutele, kui see on vajalik meie \u00f5iguste kaitsmiseks (n\u00e4iteks kohtutele, v\u00f5lgade sissen\u00f5udmisega tegelevatele isikutele, kohtut\u00e4ituritele) v\u00f5i meie seadusest tuleneva kohustuse t\u00e4itmiseks.<\/li>\n<\/ul>\n<p><strong>Kellel on veel Teie andmetele ligip\u00e4\u00e4s?<\/strong><\/p>\n<p>Lisaks muudele k\u00e4esolevates tingimustes nimetatud isikutele v\u00f5ivad Teie andmetele ligip\u00e4\u00e4su saada k\u00f5ik Natura Group O\u00dc t\u00f6\u00f6tajad ja volitatud isikud oma t\u00f6\u00f6\u00fclesannete t\u00e4itmise k\u00e4igus, samuti IT-, raamatupidamis-, turundus-, jm tugiteenuste osutajad, krediidiasutused ning muud isikud, kellele andmete edastamine on vajalik k\u00e4esolevates tingimustes s\u00e4testatud eesm\u00e4rkidel v\u00f5i kellele oleme vastavalt seadusele kohustatud andmeid edastama (eelk\u00f5ige riigiasutused).<\/p>\n<p>Natura group O\u00dc\u00a0ning meie koost\u00f6\u00f6partnerid, kellele me Teie andmeid edastame, on kohustatud hoidma Teie andmeid konfidentsiaalsena. Me ei v\u00e4ljasta Teie andmeid k\u00e4esolevates tingimustes nimetamata isikutele ilma Teie n\u00f5usoleku v\u00f5i taotluseta, v\u00e4lja arvatud juhul, kui oleme selleks kohustatud vastavalt seadustele.<\/p>\n<p><strong>Kui kaua me Teie andmeid s\u00e4ilitame?<\/strong><\/p>\n<p>S\u00e4ilitame Teie isikuandmeid seni, kuni me vajame neid lepingu t\u00e4itmiseks ning p\u00e4rast seda seni, kuni meie lepingulisest suhtest tulenevalt v\u00f5ib veel n\u00f5udeid tekkida v\u00f5i kuni andmete s\u00e4ilitamine on meile kohustuslik (\u00fcldjuhul kuni 3 aastat p\u00e4rast lepingu l\u00f5ppemist). Oma isikuandmete s\u00e4ilitamise kohta t\u00e4psema teabe saamiseks v\u00f5tke meiega \u00fchendust alltoodud kontaktidel.<\/p>\n<p><strong>Millised on Teie \u00f5igused?<\/strong><\/p>\n<p>Teil on alati \u00f5igus p\u00f6\u00f6rduda meie poole, et saada juurdep\u00e4\u00e4s ennast puudutavatele isikuandmetele ning tutvuda, milliseid Teie andmeid, millistel eesm\u00e4rkidel ja kuidas me t\u00f6\u00f6tleme, taotleda eba\u00f5igete andmete parandamist, ebavajalike andmete kustutamist ning p\u00f5hjendatud juhtudel piirata, milliseid toiminguid me Teie andmetega teeme, v\u00f5i esitada muid vastuv\u00e4iteid. Kui olete andnud meile n\u00f5usoleku oma isikuandmete t\u00f6\u00f6tlemiseks m\u00f5nel eesm\u00e4rgil, on Teil igal ajal \u00f5igus n\u00f5usolek tagasi v\u00f5tta ning me l\u00f5petame koheselt vastavad toimingud, kui meil pole andmete t\u00f6\u00f6tlemiseks muud \u00f5iguslikku alust. Teil on igal ajal v\u00f5imalik loobuda uudiskirjade, pakkumiste, meeldetuletuste, ja muude reklaamteadete saamisest, j\u00e4rgides kirjadele lisatud juhiseid. Samuti on Teil soovi korral \u00f5igus saada masinloetaval kujul isikuandmed, mida Te olete meile esitanud ning taotleda nende edastamist m\u00f5nele teisele organisatsioonile.<\/p>\n<p>Taotlustega p\u00f6\u00f6rduge palun Natura Group O\u00fc poole alltoodud kontaktidel. Kui Teil on pretensioone, kuidas me Teie andmeid kasutame, on Teil \u00f5igus esitada kaebus Andmekaitse Inspektsioonile.<\/p>\n<p><strong>Tingimuste muutmine.<\/strong><\/p>\n<p>Natura Group O\u00dc v\u00f5ib k\u00e4esolevaid tingimusi omal \u00e4ran\u00e4gemisel muuta, avaldades vastava info <a href=\"http:\/\/www.naturagroup.eu\/\">www.naturagroup.eu<\/a> veebilehel. Kehtivad tingimused on alati k\u00e4ttesaadavad meie veebilehel. Teil on \u00f5igus igal ajal esitada vastuv\u00e4iteid oma isikuandmete t\u00f6\u00f6tlemisele meie \u00f5igustatud huvi alusel.<\/p>\n<p><strong>K\u00fcsimuste v\u00f5i kaebuste korral v\u00f5tke meiega \u00fchendust:<\/strong><\/p>\n<p>Natura Group O\u00dc<br \/>\nKaarli pst 11-44, Talinn<br \/>\n10119, Eesti<br \/>\n<a href=\"http:\/\/www.naturagroup.eu\/\">www.naturagroup.eu<\/a><br \/>\n<a href=\"mailto:info.naturagroup@gmail.com\">info.naturagroup@gmail.com<\/a><\/p>\n<\/div>\n\n\t\t<\/div>\n\t<\/div>\n<\/div><\/div><\/div><\/div><\/div><\/section>\n","protected":false},"excerpt":{"rendered":"Privaatsustingimused Privaatsuspoliitika\/Isikuandmete t\u00f6\u00f6tlemise \u00fcldtingimused Natura Group O\u00fc on v\u00f5tnud endale kohustuse kaitsta klientide ja kasutajate privaatsust. Sellest l\u00e4htuvalt oleme koostanud k\u00e4esolevad privaatsuspoliitika p\u00f5him\u00f5tted, mis k\u00e4sitlevad kliendi andmete kogumist, kasutamist, avaldamist, edastamist ja talletamist. Meie tegevus internetis on koosk\u00f5las k\u00f5igi asjakohaste tegevuste ja vastavate Euroopa Liidu \u00f5igusaktide ja Eesti Vabariigi seadustega. K\u00e4esolevad isikuandmete t\u00f6\u00f6tlemise \u00fcldtingimused on...","protected":false},"author":5,"featured_media":0,"parent":0,"menu_order":0,"comment_status":"closed","ping_status":"closed","template":"","meta":{"inline_featured_image":false,"footnotes":""},"class_list":["post-1419","page","type-page","status-publish","hentry"],"yoast_head":"<!-- This site is optimized with the Yoast SEO plugin v23.6 - https:\/\/yoast.com\/wordpress\/plugins\/seo\/ -->\n<title>Privaatsustingimused - Natura Group<\/title>\n<meta name=\"robots\" content=\"index, follow, max-snippet:-1, max-image-preview:large, max-video-preview:-1\" \/>\n<link rel=\"canonical\" href=\"https:\/\/naturagroup.eu\/et\/privaatsustingimused\/\" \/>\n<meta property=\"og:locale\" content=\"et_EE\" \/>\n<meta property=\"og:type\" content=\"article\" \/>\n<meta property=\"og:title\" content=\"Privaatsustingimused - Natura Group\" \/>\n<meta property=\"og:url\" content=\"https:\/\/naturagroup.eu\/et\/privaatsustingimused\/\" \/>\n<meta property=\"og:site_name\" content=\"Natura Group\" \/>\n<meta property=\"article:modified_time\" content=\"2019-01-22T06:58:44+00:00\" \/>\n<meta name=\"twitter:card\" content=\"summary_large_image\" \/>\n<meta name=\"twitter:label1\" content=\"Est. reading time\" \/>\n\t<meta name=\"twitter:data1\" content=\"6 minutit\" \/>\n<script type=\"application\/ld+json\" class=\"yoast-schema-graph\">{\"@context\":\"https:\/\/schema.org\",\"@graph\":[{\"@type\":\"WebPage\",\"@id\":\"https:\/\/naturagroup.eu\/et\/privaatsustingimused\/\",\"url\":\"https:\/\/naturagroup.eu\/et\/privaatsustingimused\/\",\"name\":\"Privaatsustingimused - Natura Group\",\"isPartOf\":{\"@id\":\"https:\/\/naturagroup.eu\/et\/#website\"},\"datePublished\":\"2018-12-09T14:05:43+00:00\",\"dateModified\":\"2019-01-22T06:58:44+00:00\",\"breadcrumb\":{\"@id\":\"https:\/\/naturagroup.eu\/et\/privaatsustingimused\/#breadcrumb\"},\"inLanguage\":\"et\",\"potentialAction\":[{\"@type\":\"ReadAction\",\"target\":[\"https:\/\/naturagroup.eu\/et\/privaatsustingimused\/\"]}]},{\"@type\":\"BreadcrumbList\",\"@id\":\"https:\/\/naturagroup.eu\/et\/privaatsustingimused\/#breadcrumb\",\"itemListElement\":[{\"@type\":\"ListItem\",\"position\":1,\"name\":\"Home\",\"item\":\"https:\/\/naturagroup.eu\/et\/\"},{\"@type\":\"ListItem\",\"position\":2,\"name\":\"Privaatsustingimused\"}]},{\"@type\":\"WebSite\",\"@id\":\"https:\/\/naturagroup.eu\/et\/#website\",\"url\":\"https:\/\/naturagroup.eu\/et\/\",\"name\":\"Natura Group\",\"description\":\"Natura Group is established in 2016 and we provide eco-friendly and biodegradable food packing as plates, bowls, cutlery.\",\"publisher\":{\"@id\":\"https:\/\/naturagroup.eu\/et\/#organization\"},\"potentialAction\":[{\"@type\":\"SearchAction\",\"target\":{\"@type\":\"EntryPoint\",\"urlTemplate\":\"https:\/\/naturagroup.eu\/et\/?s={search_term_string}\"},\"query-input\":{\"@type\":\"PropertyValueSpecification\",\"valueRequired\":true,\"valueName\":\"search_term_string\"}}],\"inLanguage\":\"et\"},{\"@type\":\"Organization\",\"@id\":\"https:\/\/naturagroup.eu\/et\/#organization\",\"name\":\"Natura Group O\u00dc\",\"url\":\"https:\/\/naturagroup.eu\/et\/\",\"logo\":{\"@type\":\"ImageObject\",\"inLanguage\":\"et\",\"@id\":\"https:\/\/naturagroup.eu\/et\/#\/schema\/logo\/image\/\",\"url\":\"https:\/\/naturagroup.eu\/wp-content\/uploads\/2018\/11\/natura-dark-text.png\",\"contentUrl\":\"https:\/\/naturagroup.eu\/wp-content\/uploads\/2018\/11\/natura-dark-text.png\",\"width\":874,\"height\":960,\"caption\":\"Natura Group O\u00dc\"},\"image\":{\"@id\":\"https:\/\/naturagroup.eu\/et\/#\/schema\/logo\/image\/\"}}]}<\/script>\n<!-- \/ Yoast SEO plugin. -->","yoast_head_json":{"title":"Privaatsustingimused - Natura Group","robots":{"index":"index","follow":"follow","max-snippet":"max-snippet:-1","max-image-preview":"max-image-preview:large","max-video-preview":"max-video-preview:-1"},"canonical":"https:\/\/naturagroup.eu\/et\/privaatsustingimused\/","og_locale":"et_EE","og_type":"article","og_title":"Privaatsustingimused - Natura Group","og_url":"https:\/\/naturagroup.eu\/et\/privaatsustingimused\/","og_site_name":"Natura Group","article_modified_time":"2019-01-22T06:58:44+00:00","twitter_card":"summary_large_image","twitter_misc":{"Est. reading time":"6 minutit"},"schema":{"@context":"https:\/\/schema.org","@graph":[{"@type":"WebPage","@id":"https:\/\/naturagroup.eu\/et\/privaatsustingimused\/","url":"https:\/\/naturagroup.eu\/et\/privaatsustingimused\/","name":"Privaatsustingimused - Natura Group","isPartOf":{"@id":"https:\/\/naturagroup.eu\/et\/#website"},"datePublished":"2018-12-09T14:05:43+00:00","dateModified":"2019-01-22T06:58:44+00:00","breadcrumb":{"@id":"https:\/\/naturagroup.eu\/et\/privaatsustingimused\/#breadcrumb"},"inLanguage":"et","potentialAction":[{"@type":"ReadAction","target":["https:\/\/naturagroup.eu\/et\/privaatsustingimused\/"]}]},{"@type":"BreadcrumbList","@id":"https:\/\/naturagroup.eu\/et\/privaatsustingimused\/#breadcrumb","itemListElement":[{"@type":"ListItem","position":1,"name":"Home","item":"https:\/\/naturagroup.eu\/et\/"},{"@type":"ListItem","position":2,"name":"Privaatsustingimused"}]},{"@type":"WebSite","@id":"https:\/\/naturagroup.eu\/et\/#website","url":"https:\/\/naturagroup.eu\/et\/","name":"Natura Group","description":"Natura Group is established in 2016 and we provide eco-friendly and biodegradable food packing as plates, bowls, cutlery.","publisher":{"@id":"https:\/\/naturagroup.eu\/et\/#organization"},"potentialAction":[{"@type":"SearchAction","target":{"@type":"EntryPoint","urlTemplate":"https:\/\/naturagroup.eu\/et\/?s={search_term_string}"},"query-input":{"@type":"PropertyValueSpecification","valueRequired":true,"valueName":"search_term_string"}}],"inLanguage":"et"},{"@type":"Organization","@id":"https:\/\/naturagroup.eu\/et\/#organization","name":"Natura Group O\u00dc","url":"https:\/\/naturagroup.eu\/et\/","logo":{"@type":"ImageObject","inLanguage":"et","@id":"https:\/\/naturagroup.eu\/et\/#\/schema\/logo\/image\/","url":"https:\/\/naturagroup.eu\/wp-content\/uploads\/2018\/11\/natura-dark-text.png","contentUrl":"https:\/\/naturagroup.eu\/wp-content\/uploads\/2018\/11\/natura-dark-text.png","width":874,"height":960,"caption":"Natura Group O\u00dc"},"image":{"@id":"https:\/\/naturagroup.eu\/et\/#\/schema\/logo\/image\/"}}]}},"_links":{"self":[{"href":"https:\/\/naturagroup.eu\/et\/wp-json\/wp\/v2\/pages\/1419","targetHints":{"allow":["GET"]}}],"collection":[{"href":"https:\/\/naturagroup.eu\/et\/wp-json\/wp\/v2\/pages"}],"about":[{"href":"https:\/\/naturagroup.eu\/et\/wp-json\/wp\/v2\/types\/page"}],"author":[{"embeddable":true,"href":"https:\/\/naturagroup.eu\/et\/wp-json\/wp\/v2\/users\/5"}],"replies":[{"embeddable":true,"href":"https:\/\/naturagroup.eu\/et\/wp-json\/wp\/v2\/comments?post=1419"}],"version-history":[{"count":3,"href":"https:\/\/naturagroup.eu\/et\/wp-json\/wp\/v2\/pages\/1419\/revisions"}],"predecessor-version":[{"id":1659,"href":"https:\/\/naturagroup.eu\/et\/wp-json\/wp\/v2\/pages\/1419\/revisions\/1659"}],"wp:attachment":[{"href":"https:\/\/naturagroup.eu\/et\/wp-json\/wp\/v2\/media?parent=1419"}],"curies":[{"name":"wp","href":"https:\/\/api.w.org\/{rel}","templated":true}]}}