{"id":1417,"date":"2018-12-09T14:05:52","date_gmt":"2018-12-09T14:05:52","guid":{"rendered":"https:\/\/naturagroup.eu\/sales-terms\/"},"modified":"2024-05-24T08:12:17","modified_gmt":"2024-05-24T08:12:17","slug":"muugitingimused","status":"publish","type":"page","link":"https:\/\/naturagroup.eu\/et\/muugitingimused\/","title":{"rendered":"M\u00fc\u00fcgitingimused"},"content":{"rendered":"<section class=\"l-section wpb_row height_medium with_img parallax_fixed with_overlay\"><div class=\"l-section-img\" style=\"background-image: url(https:\/\/naturagroup.eu\/wp-content\/uploads\/2018\/11\/unnamed-5.jpg);\" data-img-width=\"1600\" data-img-height=\"1020\"><\/div><div class=\"l-section-overlay\" style=\"background-color: rgba(255,255,255,0.92)\"><\/div><div class=\"l-section-h i-cf\"><div class=\"g-cols vc_row type_default valign_top\"><div class=\"vc_col-sm-12 wpb_column vc_column_container\"><div class=\"vc_column-inner\"><div class=\"wpb_wrapper\">\n\t<div class=\"wpb_text_column \">\n\t\t<div class=\"wpb_wrapper\">\n\t\t\t<h1 style=\"text-align: center;\">M\u00fc\u00fcgitingimused<\/h1>\n\n\t\t<\/div>\n\t<\/div>\n<\/div><\/div><\/div><\/div><\/div><\/section><section class=\"l-section wpb_row height_medium\"><div class=\"l-section-h i-cf\"><div class=\"g-cols vc_row type_default valign_top\"><div class=\"vc_col-sm-12 wpb_column vc_column_container\"><div class=\"vc_column-inner\"><div class=\"wpb_wrapper\">\n\t<div class=\"wpb_text_column \">\n\t\t<div class=\"wpb_wrapper\">\n\t\t\t<h3><strong>KAUBA TAGASTAMINE<\/strong><\/h3>\n<p>Juhul, kui\u00a0Teile\u00a0ostetud\u00a0kaup ei sobinud ning\u00a0Te soovite seda tagastada, siis palun teavitage sellest meie klienditeenindust <a href=\"mailto:info.naturagroup@gmail.com\">info.naturagroup@gmail.com<\/a>\u00a0meiliaadressil. K\u00f5ikidele kaupadele kehtib\u00a014-p\u00e4evane tagastus\u00f5igus alates kauba k\u00e4ttesaamisest. Toode peab olema kasutamata ja pakendis\/siltidega. Tagastada v\u00f5ite kas postiga v\u00f5i tuua meie lattu M\u00e4ealuse 10, ladu1 Tallinn. Tagastamise postikulu ei kuulu kompenseerimisele. Kompenseeritakse tarnimise kulu. Raha tagastatakse 4 t\u00f6\u00f6p\u00e4eva jooksul.<\/p>\n<p>K\u00f5ik meie kaubad kontrollitakse enne teele panemist hoolikalt \u00fcle. Juhul, kui\u00a0Te siiski leiate defektiga toote, palume sellest koheselt teavitada meie klienditeenindust <a href=\"mailto:info.naturagroup@gmail.com\">info.naturagroup@gmail.com<\/a><\/p>\n<p><strong>Pretensioonide esitamise kord<\/strong><\/p>\n<div class=\"gmail-tab-container\">\n<ol>\n<li style=\"list-style-type: none;\">\n<ol>\n<li>Natura Group O\u00dc vastutab Tarbijale m\u00fc\u00fcdud kauba lepingutingimustele mittevastavuse v\u00f5i puuduste eest, mis ilmnevad kuni kahe aasta jooksul, alates kauba \u00fcleandmisest Tarbijale.<\/li>\n<\/ol>\n<\/li>\n<li>Tarbijal on \u00f5igus puuduse ilmnemisel p\u00f6\u00f6rduda hiljemalt kahe kuu jooksul <a href=\"http:\/\/naturagroup.eu\/\">naturagroup.eu<\/a> poole, esitades arve v\u00f5i arve koopia, mille alusel kauba ostu eest tasuti.<\/li>\n<li>Kaubal puuduse ilmnemisel palume l\u00f5petada kauba kasutamise.<\/li>\n<li>Puudusega kauba parandamise v\u00f5i asendamise lepivad <a href=\"http:\/\/naturagroup.eu\/\">naturagroup.eu<\/a> ja Tarbija omavahel kokku. Parandamise kulud katab <a href=\"http:\/\/naturagroup.eu\/\">naturagroup.eu<\/a><\/li>\n<li><a href=\"http:\/\/naturagroup.eu\/\">Naturagroup.eu<\/a> ei vastuta Tarbija s\u00fc\u00fcl tootel tekkinud puuduste eest, mis on tekkinud toote mitten\u00f5uetekohase hoiustamise v\u00f5i mitte eesm\u00e4rgip\u00e4rase kasutamise tulemusena.<\/li>\n<li>Toote n\u00f5uetele mittevastavuse v\u00f5i puuduste ilmnemisel palume edastada e-posti aadressile <a href=\"mailto:info.naturagroup@gmail.com\">info.naturagroup@gmail.com<\/a> pretensiooni, kus on m\u00e4rgitud tellimuse esitaja nimi, kontakttelefon, tellimuse number ja toote tingimustele mittevastavuse v\u00f5i puuduse t\u00e4pne kirjeldus.<\/li>\n<li>Pretensioon toote n\u00f5uetele mittevastavuse v\u00f5i puuduste avastamise kohta peab olema esitatud kahe kuu jooksul alates toote n\u00f5uetele mittevastavuse v\u00f5i puuduse avastamisest.<\/li>\n<li>K\u00f5ik pretensioonid vaadatakse l\u00e4bi ja Tarbijaga v\u00f5etakse \u00fchendust esimesel v\u00f5imalusel, kuid mitte hiljem kui 14 p\u00e4eva jooksul alates pretensiooni k\u00e4ttesaamisest.<\/li>\n<li>Tarbijal on \u00f5igus n\u00f5uda <a href=\"http:\/\/naturagroup.eu\/\">naturagroup.eu<\/a> veebipoelt ostuhinna alandamist v\u00f5i lepingu l\u00f5petamist ja kauba eest raha tagasi n\u00f5uda, kui <a href=\"http:\/\/naturagroup.eu\/\">naturagroup.eu<\/a> veebipoel ei ole v\u00f5imalik kaupa parandada v\u00f5i asendada, kauba parandamine v\u00f5i asendamine eba\u00f5nnestub, <a href=\"http:\/\/naturagroup.eu\/\">naturagroup.eu<\/a> veebipood ei ole kauba puudust m\u00f5istliku aja jooksul k\u00f5rvaldanud, tarbijale on tekitatud p\u00f5hjendamatuid ebamugavusi.<\/li>\n<\/ol>\n<\/div>\n<p>Kui Natura Group O\u00dc on keeldunud Tarbija kaebust lahendamast v\u00f5i Tarbija ei ole n\u00f5us\u00a0 pakutud lahendusega ja leiab, et on rikutud tema \u00f5igusi v\u00f5i kahjustatud tema huve, v\u00f5ib Tarbija esitada kaebuse tarbijakaebuste komisjonile Tarbijakaitseameti kaudu v\u00f5i kohtule. Tarbija v\u00f5ib esitada kaebuse ise v\u00f5i esindaja kaudu. Tarbijakaitse komisjoni andmed on toodud\u00a0<a href=\"http:\/\/www.tarbijakaitseamet.ee\/et\/tarbijale\">Tarbijakaitseameti kodulehel<\/a>, Euroopa Liidu liikmesriikides tekkivate probleemide lahendamiseks p\u00f6\u00f6rduda\u00a0<a href=\"http:\/\/www.consumer.ee\/\">Euroopa Liidu tarbijate N\u00f5ustamiskeskusse<\/a>.<\/p>\n<p><strong>NB! Allahindluste ajal v\u00f5ib juhtuda, et Teie poolt soovitud toode on otsa l\u00f5ppenud. Sellisel juhul teavitame Teid meili teel koheselt ja tagastame raha.<\/strong><\/p>\n<hr \/>\n<div class=\"gmail-page-title\">\n<h3><strong>TRANSPORT JA MAKSMINE<\/strong><\/h3>\n<div><b>Kaubale, mille v\u00e4\u00e4rtus on \u00fcle 50.- euro, on v\u00f5imalik eelnevalt kokku leppides j\u00e4rgi tulla Natura Group O\u00dc lattu M\u00e4ealuse 10, ladu1, Tallinn.<\/b><\/div>\n<\/div>\n<div class=\"gmail-std\">\n<p><strong>Omniva pakiautomaat (2.99.-)<\/strong><\/p>\n<p>Tooted saad k\u00e4tte keskmiselt 3 t\u00f6\u00f6p\u00e4eva jooksul alates tellimuse kinnituse saamisest sinu e-posti aadressile. \u00dcle Eesti on erinevates asukohtades kokku 181 \u00f6\u00f6p\u00e4evaringselt avatud Omniva pakiautomaati. Saajat teavitatakse saabunud pakist ja paki asukohast SMS-i ja e-kirja teel.<\/p>\n<p>Saatekulusid ei lisandu \u00fcle 30 EUR tellimustele.<\/p>\n<p>Telli oma e-ostud alati Omniva pakiautomaati, sest ainult nii saad oma paki k\u00e4tte kiiresti ning just siis, kui Sinul on selleks aega.<\/p>\n<p><strong>Eesti Post ( 3.99.-)<\/strong><\/p>\n<p>Tooted saad postkontorist k\u00e4tte keskmiselt 3 t\u00f6\u00f6p\u00e4eva jooksul alates tellimuse kinnituse saamisest sinu e-posti aadressile.<br \/>\nKui tellitud kaup j\u00f5uab postkontorisse, saadetakse sulle pakiteade infoga, millisest postkontorist tooted k\u00e4tte saad.<\/p>\n<p>Saatekulusid ei lisandu \u00fcle 30 EUR tellimustele.<\/p>\n<p><strong>Itella SmartPOST (2.99.-)<\/strong><\/p>\n<p>Tooted saad k\u00e4tte keskmiselt 3 t\u00f6\u00f6p\u00e4eva jooksul alates tellimuse kinnituse saamisest sinu e-posti aadressile.<\/p>\n<p>Saajat teavitatakse saabunud pakist ja paki asukohast SMS-i ja\/v\u00f5i e-kirja teel.<\/p>\n<p>Endale l\u00e4hima automaadi asukoha ja lahtioleku aja saad teada, kui uurid meie\u00a0<a href=\"http:\/\/smartpost.ee\/pakiautomaatide-asukohad\">pakiautomaatide asukoha kaarti<\/a>.<\/p>\n<p>Saatekulusid ei lisandu \u00fcle 30 EUR tellimustele.<\/p>\n<p><strong>Omniva kuller (4.70.-)<\/strong><\/p>\n<p>Tellitud toode toimetatakse kulleriga sinu tellimuses m\u00e4rgitud aadressile keskmiselt 3 t\u00f6\u00f6p\u00e4eva jooksul alates tellimuse kinnituse saatmisest sinu e-posti aadressile. Kulleriga k\u00e4ttetoimetamise korral helistatakse kliendile ette ning lepitakse kokku sobiv aeg saadetise k\u00e4ttetoimetamiseks. Eba\u00f5nnestunud v\u00e4ljastuskatse korral j\u00e4\u00e4b saadetis hoiule Eesti Posti postkontorisse ning saajale edastatakse postisaadetise saabumise teade.<\/p>\n<p>Saatekulusid ei lisandu \u00fcle 50 EUR tellimustele.<\/p>\n<p><strong>Kaup saadetakse teele p\u00e4rast makse laekumist.<\/strong><\/p>\n<p>Kohaletoimetamiseaeg on \u00fcldjuhul kuni 2-3 t\u00f6\u00f6p\u00e4eva Eestis. Euroopa Liidu piires 3-7 p\u00e4eva.\u00a0 V\u00e4ljaspool Euroopa Liitu kuni 2 n\u00e4dalat. Vahel on m\u00f5nel tootel tarneaeg kuni 2 n\u00e4dalat &#8211; anname sellest e-maili teel kindlasti teada.<\/p>\n<p>Kui sa ei ole oma pakki k\u00e4tte saanud siis palun kirjuta meile <a href=\"mailto:info.naturagroup@gmail.com\">info.naturagroup@gmail.com<\/a> v\u00f5i helista E-R\u00a0<a href=\"tel:+372%2053844%20660\">+372 53844 660<\/a>.<\/p>\n<hr \/>\n<div class=\"gmail-page-title\">\n<h3><strong>KUIDAS OSTA?<\/strong><\/h3>\n<\/div>\n<div class=\"gmail-std\">\n<p><strong>Meie e-poest ostmine on lihtne:<\/strong><\/p>\n<p>1. Esmalt valige v\u00e4lja tooted ja lisage need ostukorvi.<\/p>\n<p>2. Vormistage tellimus. Lisage kindlasti oma kontaktandmed.<\/p>\n<p>3. Tasuge ostu eest saadud arve alusel oma internetipangas.<\/p>\n<p>Teenust pakub Natura Group O\u00dc, reg nr\u00a014162679, KMKR EE101643175<\/p>\n<hr \/>\n<h3><b>OSTUKORVI KOOSTAMINE<\/b><\/h3>\n<p>K\u00f5igepealt valige v\u00e4lja tooted\u00a0ning lisage need ostukorvi. Toodete ostukorvi lisamine ei kohusta\u00a0Teid veel neid ostma.\u00a0 Oma ostukorvi sisu saate vabalt muuta. Et n\u00e4ha tooteid, mida olete lisanud oma ostukorvi,\u00a0\u00a0valige link \u00a0&#8216;vaata ostukorvi.<\/p>\n<hr \/>\n<h3><strong>TELLIMUSE VORMISTAMINE<\/strong><\/h3>\n<p>Palun sisestage tellimusvormi v\u00e4ljadele oma kontaktandmed. Ostu eest on\u00a0Teil v\u00f5imalik tasuda kohe p\u00e4rast tellimuse vormistamist internetipangas. Kaup pannakse teele\u00a0 p\u00e4rast\u00a0makse laekumist.<\/p>\n<p><strong>\u00dcle 25\u20ac tellimused\u00a0toimetame Teile\u00a0 tasuta.<\/strong><\/p>\n<p>Alla 30 \u20ac tellimustele lisandub saatekulu alates 2.99 \u20ac.<\/p>\n<hr \/>\n<h3><strong>KAUBATAGASTAMINE<\/strong><\/h3>\n<p>Juhul, kui\u00a0Teile\u00a0ostetud\u00a0kaup ei sobinud ning\u00a0Te soovite seda tagastada, siis palun teavitage sellest meie klienditeenindust <a href=\"mailto:info.naturagroup@gmail.com\">info.naturagroup@gmail.com<\/a>\u00a0meiliaadressil. K\u00f5ikidele kaupadele kehtib\u00a014-p\u00e4evane tagastus\u00f5igus alates kauba k\u00e4ttesaamisest. Toode peab olema kasutamata ja pakendis\/siltidega. Tagastada v\u00f5ite kas postiga v\u00f5i tuua meie lattu M\u00e4ealuse 10, ladu 1, Tallinn. Tagastamise postikulu ei kuulu kompenseerimisele. Kompenseeritakse tarnimise kulu. Raha tagastatakse 4 t\u00f6\u00f6p\u00e4eva jooksul.<\/p>\n<p>K\u00f5ik meie kaubad kontrollitakse enne teele panemist hoolikalt \u00fcle. Juhul, kui\u00a0Te siiski leiate defektiga toote, palume sellest koheselt teavitada meie klienditeenindust <a href=\"mailto:info.naturagroup@gmail.com\">info.naturagroup@gmail.com<\/a>.<\/p>\n<p><strong>Pretensioonide esitamise kord<\/strong><\/p>\n<div class=\"gmail-tab-container\">\n<ol>\n<li>Natura Group O\u00dc vastutab Tarbijale m\u00fc\u00fcdud kauba lepingutingimustele mittevastavuse v\u00f5i puuduste eest, mis ilmnevad kuni kahe aasta jooksul, alates kauba \u00fcleandmisest Tarbijale.<\/li>\n<li>Tarbijal on \u00f5igus puuduse ilmnemisel p\u00f6\u00f6rduda hiljemalt kahe kuu jooksul Natura Group O\u00dc poole, esitades arve v\u00f5i arve koopia, mille alusel kauba ostu eest tasuti.<\/li>\n<li>Kaubal puuduse ilmnemisel palume l\u00f5petada kauba kasutamise.<\/li>\n<li>Puudusega kauba asendamise lepivad Natura Group O\u00dc ja Tarbija omavahel kokku. Vahetuse kulud katab Natura Group O\u00dc.<\/li>\n<li>Natura Group O\u00dc ei vastuta Tarbija s\u00fc\u00fcl tootel tekkinud puuduste eest, mis on tekkinud toote mitten\u00f5uetekohase hoiustamise v\u00f5i mitte eesm\u00e4rgip\u00e4rase kasutamise tulemusena.<\/li>\n<li>Toote n\u00f5uetele mittevastavuse v\u00f5i puuduste ilmnemisel palume edastada e-posti aadressile <a href=\"mailto:info.naturagroup@gmail.com\">info.naturagroup@gmail.com<\/a> pretensiooni, kus on m\u00e4rgitud tellimuse esitaja nimi, kontakttelefon, tellimuse number ja toote tingimustele mittevastavuse v\u00f5i puuduse t\u00e4pne kirjeldus.<\/li>\n<li>Pretensioon toote n\u00f5uetele mittevastavuse v\u00f5i puuduste avastamise kohta peab olema esitatud kahe kuu jooksul alates toote n\u00f5uetele mittevastavuse v\u00f5i puuduse avastamisest.<\/li>\n<li>K\u00f5ik pretensioonid vaadatakse l\u00e4bi ja Tarbijaga v\u00f5etakse \u00fchendust esimesel v\u00f5imalusel, kuid mitte hiljem kui 14 p\u00e4eva jooksul alates pretensiooni k\u00e4ttesaamisest.<\/li>\n<li>Tarbijal on \u00f5igus n\u00f5uda Natura Group O\u00dc veebipoelt ostuhinna alandamist v\u00f5i lepingu l\u00f5petamist ja kauba eest raha tagasi n\u00f5uda, kui Natura Group O\u00dc veebipoel ei ole v\u00f5imalik kaupa parandada v\u00f5i asendada, kauba parandamine v\u00f5i asendamine eba\u00f5nnestub, <a href=\"http:\/\/naturageoup.eu\/\">naturageoup.eu<\/a> veebipood ei ole kauba puudust m\u00f5istliku aja jooksul k\u00f5rvaldanud, tarbijale on tekitatud p\u00f5hjendamatuid ebamugavusi.<\/li>\n<\/ol>\n<\/div>\n<p>Kui Natura group O\u00dc on keeldunud Tarbija kaebust lahendamast v\u00f5i Tarbija ei ole n\u00f5us\u00a0 pakutud lahendusega ja leiab, et on rikutud tema \u00f5igusi v\u00f5i kahjustatud tema huve, v\u00f5ib Tarbija esitada kaebuse tarbijakaebuste komisjonile Tarbijakaitseameti kaudu v\u00f5i kohtule. Tarbija v\u00f5ib esitada kaebuse ise v\u00f5i esindaja kaudu. Tarbijakaitse komisjoni andmed on toodud <a href=\"http:\/\/www.tarbijakaitseamet.ee\/et\/tarbijale\">Tarbijakaitseameti kodulehel<\/a>, Euroopa Liidu liikmesriikides tekkivate probleemide lahendamiseks p\u00f6\u00f6rduda\u00a0<a href=\"http:\/\/www.consumer.ee\/\">Euroopa Liidu tarbijate N\u00f5ustamiskeskusse<\/a>.<\/p>\n<p><strong>NB! Allahindluste ajal v\u00f5ib juhtuda, et Teie poolt soovitud toode on otsa l\u00f5ppenud. Sellisel juhul teavitame Teid meili teel koheselt ja tagastame raha.<\/strong><\/p>\n<hr \/>\n<div class=\"gmail-page-title\">\n<h3><strong>HULGIM\u00dc\u00dcJALE<\/strong><\/h3>\n<p><strong>KUI OLED POEOMANIK V\u00d5I SUURTARBIJA:<\/strong><\/p>\n<\/div>\n<div class=\"gmail-std\">\n<p>K\u00f5ik Natura Group O\u00dc tooted on saadaval atraktiivsete hulgihindadega jaekauplustele edasim\u00fc\u00fcgiks ja suurtarbijatele on olemas spetsiaalsed hulgihinnad.<\/p>\n<p>V\u00f5ta \u00fchendust: <a href=\"mailto:info.naturagroup@gmail.com\">info.naturagroup@gmail.com<\/a><\/p>\n<p>Kui soovid m\u00fc\u00fca Natura Group O\u00dc tooteid enda nime all (private label), siis palun v\u00f5tke meiega \u00fchendust.<\/p>\n<\/div>\n<\/div>\n<\/div>\n\n\t\t<\/div>\n\t<\/div>\n<\/div><\/div><\/div><\/div><\/div><\/section>\n","protected":false},"excerpt":{"rendered":"M\u00fc\u00fcgitingimused KAUBA TAGASTAMINE Juhul, kui\u00a0Teile\u00a0ostetud\u00a0kaup ei sobinud ning\u00a0Te soovite seda tagastada, siis palun teavitage sellest meie klienditeenindust info.naturagroup@gmail.com\u00a0meiliaadressil. K\u00f5ikidele kaupadele kehtib\u00a014-p\u00e4evane tagastus\u00f5igus alates kauba k\u00e4ttesaamisest. Toode peab olema kasutamata ja pakendis\/siltidega. Tagastada v\u00f5ite kas postiga v\u00f5i tuua meie lattu M\u00e4ealuse 10, ladu1 Tallinn. Tagastamise postikulu ei kuulu kompenseerimisele. Kompenseeritakse tarnimise kulu. Raha tagastatakse 4 t\u00f6\u00f6p\u00e4eva...","protected":false},"author":5,"featured_media":0,"parent":0,"menu_order":0,"comment_status":"closed","ping_status":"closed","template":"","meta":{"inline_featured_image":false,"footnotes":""},"class_list":["post-1417","page","type-page","status-publish","hentry"],"yoast_head":"<!-- This site is optimized with the Yoast SEO plugin v23.6 - https:\/\/yoast.com\/wordpress\/plugins\/seo\/ -->\n<title>M\u00fc\u00fcgitingimused - Natura Group<\/title>\n<meta name=\"robots\" content=\"index, follow, max-snippet:-1, max-image-preview:large, max-video-preview:-1\" \/>\n<link rel=\"canonical\" href=\"https:\/\/naturagroup.eu\/et\/muugitingimused\/\" \/>\n<meta property=\"og:locale\" content=\"et_EE\" \/>\n<meta property=\"og:type\" content=\"article\" \/>\n<meta property=\"og:title\" content=\"M\u00fc\u00fcgitingimused - Natura Group\" \/>\n<meta property=\"og:url\" content=\"https:\/\/naturagroup.eu\/et\/muugitingimused\/\" \/>\n<meta property=\"og:site_name\" content=\"Natura Group\" \/>\n<meta property=\"article:modified_time\" content=\"2024-05-24T08:12:17+00:00\" \/>\n<meta name=\"twitter:card\" content=\"summary_large_image\" \/>\n<meta name=\"twitter:label1\" content=\"Est. reading time\" \/>\n\t<meta name=\"twitter:data1\" content=\"7 minutit\" \/>\n<script type=\"application\/ld+json\" class=\"yoast-schema-graph\">{\"@context\":\"https:\/\/schema.org\",\"@graph\":[{\"@type\":\"WebPage\",\"@id\":\"https:\/\/naturagroup.eu\/et\/muugitingimused\/\",\"url\":\"https:\/\/naturagroup.eu\/et\/muugitingimused\/\",\"name\":\"M\u00fc\u00fcgitingimused - Natura Group\",\"isPartOf\":{\"@id\":\"https:\/\/naturagroup.eu\/et\/#website\"},\"datePublished\":\"2018-12-09T14:05:52+00:00\",\"dateModified\":\"2024-05-24T08:12:17+00:00\",\"breadcrumb\":{\"@id\":\"https:\/\/naturagroup.eu\/et\/muugitingimused\/#breadcrumb\"},\"inLanguage\":\"et\",\"potentialAction\":[{\"@type\":\"ReadAction\",\"target\":[\"https:\/\/naturagroup.eu\/et\/muugitingimused\/\"]}]},{\"@type\":\"BreadcrumbList\",\"@id\":\"https:\/\/naturagroup.eu\/et\/muugitingimused\/#breadcrumb\",\"itemListElement\":[{\"@type\":\"ListItem\",\"position\":1,\"name\":\"Home\",\"item\":\"https:\/\/naturagroup.eu\/et\/\"},{\"@type\":\"ListItem\",\"position\":2,\"name\":\"M\u00fc\u00fcgitingimused\"}]},{\"@type\":\"WebSite\",\"@id\":\"https:\/\/naturagroup.eu\/et\/#website\",\"url\":\"https:\/\/naturagroup.eu\/et\/\",\"name\":\"Natura Group\",\"description\":\"Natura Group is established in 2016 and we provide eco-friendly and biodegradable food packing as plates, bowls, cutlery.\",\"publisher\":{\"@id\":\"https:\/\/naturagroup.eu\/et\/#organization\"},\"potentialAction\":[{\"@type\":\"SearchAction\",\"target\":{\"@type\":\"EntryPoint\",\"urlTemplate\":\"https:\/\/naturagroup.eu\/et\/?s={search_term_string}\"},\"query-input\":{\"@type\":\"PropertyValueSpecification\",\"valueRequired\":true,\"valueName\":\"search_term_string\"}}],\"inLanguage\":\"et\"},{\"@type\":\"Organization\",\"@id\":\"https:\/\/naturagroup.eu\/et\/#organization\",\"name\":\"Natura Group O\u00dc\",\"url\":\"https:\/\/naturagroup.eu\/et\/\",\"logo\":{\"@type\":\"ImageObject\",\"inLanguage\":\"et\",\"@id\":\"https:\/\/naturagroup.eu\/et\/#\/schema\/logo\/image\/\",\"url\":\"https:\/\/naturagroup.eu\/wp-content\/uploads\/2018\/11\/natura-dark-text.png\",\"contentUrl\":\"https:\/\/naturagroup.eu\/wp-content\/uploads\/2018\/11\/natura-dark-text.png\",\"width\":874,\"height\":960,\"caption\":\"Natura Group O\u00dc\"},\"image\":{\"@id\":\"https:\/\/naturagroup.eu\/et\/#\/schema\/logo\/image\/\"}}]}<\/script>\n<!-- \/ Yoast SEO plugin. -->","yoast_head_json":{"title":"M\u00fc\u00fcgitingimused - Natura Group","robots":{"index":"index","follow":"follow","max-snippet":"max-snippet:-1","max-image-preview":"max-image-preview:large","max-video-preview":"max-video-preview:-1"},"canonical":"https:\/\/naturagroup.eu\/et\/muugitingimused\/","og_locale":"et_EE","og_type":"article","og_title":"M\u00fc\u00fcgitingimused - Natura Group","og_url":"https:\/\/naturagroup.eu\/et\/muugitingimused\/","og_site_name":"Natura Group","article_modified_time":"2024-05-24T08:12:17+00:00","twitter_card":"summary_large_image","twitter_misc":{"Est. reading time":"7 minutit"},"schema":{"@context":"https:\/\/schema.org","@graph":[{"@type":"WebPage","@id":"https:\/\/naturagroup.eu\/et\/muugitingimused\/","url":"https:\/\/naturagroup.eu\/et\/muugitingimused\/","name":"M\u00fc\u00fcgitingimused - Natura Group","isPartOf":{"@id":"https:\/\/naturagroup.eu\/et\/#website"},"datePublished":"2018-12-09T14:05:52+00:00","dateModified":"2024-05-24T08:12:17+00:00","breadcrumb":{"@id":"https:\/\/naturagroup.eu\/et\/muugitingimused\/#breadcrumb"},"inLanguage":"et","potentialAction":[{"@type":"ReadAction","target":["https:\/\/naturagroup.eu\/et\/muugitingimused\/"]}]},{"@type":"BreadcrumbList","@id":"https:\/\/naturagroup.eu\/et\/muugitingimused\/#breadcrumb","itemListElement":[{"@type":"ListItem","position":1,"name":"Home","item":"https:\/\/naturagroup.eu\/et\/"},{"@type":"ListItem","position":2,"name":"M\u00fc\u00fcgitingimused"}]},{"@type":"WebSite","@id":"https:\/\/naturagroup.eu\/et\/#website","url":"https:\/\/naturagroup.eu\/et\/","name":"Natura Group","description":"Natura Group is established in 2016 and we provide eco-friendly and biodegradable food packing as plates, bowls, cutlery.","publisher":{"@id":"https:\/\/naturagroup.eu\/et\/#organization"},"potentialAction":[{"@type":"SearchAction","target":{"@type":"EntryPoint","urlTemplate":"https:\/\/naturagroup.eu\/et\/?s={search_term_string}"},"query-input":{"@type":"PropertyValueSpecification","valueRequired":true,"valueName":"search_term_string"}}],"inLanguage":"et"},{"@type":"Organization","@id":"https:\/\/naturagroup.eu\/et\/#organization","name":"Natura Group O\u00dc","url":"https:\/\/naturagroup.eu\/et\/","logo":{"@type":"ImageObject","inLanguage":"et","@id":"https:\/\/naturagroup.eu\/et\/#\/schema\/logo\/image\/","url":"https:\/\/naturagroup.eu\/wp-content\/uploads\/2018\/11\/natura-dark-text.png","contentUrl":"https:\/\/naturagroup.eu\/wp-content\/uploads\/2018\/11\/natura-dark-text.png","width":874,"height":960,"caption":"Natura Group O\u00dc"},"image":{"@id":"https:\/\/naturagroup.eu\/et\/#\/schema\/logo\/image\/"}}]}},"_links":{"self":[{"href":"https:\/\/naturagroup.eu\/et\/wp-json\/wp\/v2\/pages\/1417","targetHints":{"allow":["GET"]}}],"collection":[{"href":"https:\/\/naturagroup.eu\/et\/wp-json\/wp\/v2\/pages"}],"about":[{"href":"https:\/\/naturagroup.eu\/et\/wp-json\/wp\/v2\/types\/page"}],"author":[{"embeddable":true,"href":"https:\/\/naturagroup.eu\/et\/wp-json\/wp\/v2\/users\/5"}],"replies":[{"embeddable":true,"href":"https:\/\/naturagroup.eu\/et\/wp-json\/wp\/v2\/comments?post=1417"}],"version-history":[{"count":4,"href":"https:\/\/naturagroup.eu\/et\/wp-json\/wp\/v2\/pages\/1417\/revisions"}],"predecessor-version":[{"id":1979,"href":"https:\/\/naturagroup.eu\/et\/wp-json\/wp\/v2\/pages\/1417\/revisions\/1979"}],"wp:attachment":[{"href":"https:\/\/naturagroup.eu\/et\/wp-json\/wp\/v2\/media?parent=1417"}],"curies":[{"name":"wp","href":"https:\/\/api.w.org\/{rel}","templated":true}]}}